{"id":1356,"date":"2017-04-21T22:58:45","date_gmt":"2017-04-22T02:58:45","guid":{"rendered":"http:\/\/gpstartersites.com\/catalyst\/?page_id=7"},"modified":"2022-03-25T19:00:00","modified_gmt":"2022-03-25T19:00:00","slug":"home-2","status":"publish","type":"page","link":"https:\/\/alceacerosyestructuras.es\/","title":{"rendered":"Home"},"content":{"rendered":"<h1 style=\"text-align: center;\"><div class=\"eds-animate edsanimate-sis-hidden \" data-eds-entry-animation=\"fadeInLeft\" data-eds-entry-delay=\"0\" data-eds-entry-duration=\"1.5\" data-eds-entry-timing=\"ease-in\" data-eds-exit-animation=\"\" data-eds-exit-delay=\"\" data-eds-exit-duration=\"\" data-eds-exit-timing=\"\" data-eds-repeat-count=\"1\" data-eds-keep=\"yes\" data-eds-animate-on=\"scroll\" data-eds-scroll-offset=\"75\">CONSTRUCCI\u00d3N DE NAVES<\/div><\/h1>\n<div  class=\"lgc-column lgc-grid-parent lgc-grid-50 lgc-tablet-grid-50 lgc-mobile-grid-100 lgc-equal-heights \"><div  class=\"inside-grid-column\">\n<div class=\"eds-animate edsanimate-sis-hidden \" data-eds-entry-animation=\"zoomIn\" data-eds-entry-delay=\"0\" data-eds-entry-duration=\"2\" data-eds-entry-timing=\"ease-in-out\" data-eds-exit-animation=\"\" data-eds-exit-delay=\"\" data-eds-exit-duration=\"\" data-eds-exit-timing=\"\" data-eds-repeat-count=\"1\" data-eds-keep=\"yes\" data-eds-animate-on=\"scroll\" data-eds-scroll-offset=\"75\">\n<p>&nbsp;<\/p>\n<p><img loading=\"lazy\" decoding=\"async\" class=\"wp-image-3237 size-full aligncenter\" style=\"box-shadow: 3px 3px 14px 0px rgba(40, 41, 33, 0.61); -moz-box-shadow: 3px 3px 14px 0px rgba(40, 41, 33, 0.61); -webkit-box-shadow: 3px 3px 14px 0px rgba(40, 41, 33, 0.61); border-radius: 15px;\" src=\"https:\/\/alceacerosyestructuras.es\/wp-content\/uploads\/2020\/05\/Inicio_Champi.jpg\" alt=\"\" width=\"500\" height=\"300\" srcset=\"https:\/\/alceacerosyestructuras.es\/wp-content\/uploads\/2020\/05\/Inicio_Champi.jpg 500w, https:\/\/alceacerosyestructuras.es\/wp-content\/uploads\/2020\/05\/Inicio_Champi-300x180.jpg 300w\" sizes=\"auto, (max-width: 500px) 100vw, 500px\" \/><\/p>\n<h2 style=\"text-align: center;\"><a href=\"http:\/\/alceacerosyestructuras.es\/index.php\/naves\/\">NAVES PARA CULTIVO DE CHAMPI\u00d1\u00d3N<\/a><\/h2>\n<p style=\"text-align: left;\"><\/p><\/div>\n<p style=\"text-align: center;\">El uso de materiales de alta calidad dotan a nuestras construcciones de un perfecto aislamiento que mantiene las condiciones ambientales id\u00f3neas para el crecimiento de los cultivos.<\/p>\n<p style=\"text-align: center;\"><a class=\"button\" href=\"http:\/\/alceacerosyestructuras.es\/index.php\/naves-para-cultivo-de-champinon\/\">VER M\u00c1S<\/a><\/p>\n<p><\/p><\/div><\/div><div  class=\"lgc-column lgc-grid-parent lgc-grid-50 lgc-tablet-grid-50 lgc-mobile-grid-100 lgc-equal-heights \"><div  class=\"inside-grid-column\">\n<div class=\"eds-animate edsanimate-sis-hidden \" data-eds-entry-animation=\"zoomIn\" data-eds-entry-delay=\"0\" data-eds-entry-duration=\"2\" data-eds-entry-timing=\"ease-in-out\" data-eds-exit-animation=\"\" data-eds-exit-delay=\"\" data-eds-exit-duration=\"\" data-eds-exit-timing=\"\" data-eds-repeat-count=\"1\" data-eds-keep=\"yes\" data-eds-animate-on=\"scroll\" data-eds-scroll-offset=\"75\">\n<p>&nbsp;<\/p>\n<p><a href=\"http:\/\/alceacerosyestructuras.es\/index.php\/naves-avicolas\/\"><img loading=\"lazy\" decoding=\"async\" class=\"wp-image-2494 size-full aligncenter\" style=\"box-shadow: 3px 3px 14px 0px rgba(40, 41, 33, 0.61); -moz-box-shadow: 3px 3px 14px 0px rgba(40, 41, 33, 0.61); -webkit-box-shadow: 3px 3px 14px 0px rgba(40, 41, 33, 0.61); border-radius: 15px;\" src=\"http:\/\/alceacerosyestructuras.es\/wp-content\/uploads\/2020\/03\/Inicio_Av\u00edcola-1.jpg\" alt=\"\" width=\"500\" height=\"300\" srcset=\"https:\/\/alceacerosyestructuras.es\/wp-content\/uploads\/2020\/03\/Inicio_Av\u00edcola-1.jpg 500w, https:\/\/alceacerosyestructuras.es\/wp-content\/uploads\/2020\/03\/Inicio_Av\u00edcola-1-300x180.jpg 300w\" sizes=\"auto, (max-width: 500px) 100vw, 500px\" \/><\/a><\/p>\n<h2 style=\"text-align: center;\"><a href=\"http:\/\/alceacerosyestructuras.es\/index.php\/naves-avicolas\/\">NAVES AV\u00cdCOLAS<\/a><\/h2>\n<p style=\"text-align: left;\"><\/p><\/div>\n<p style=\"text-align: center;\">La modernidad y las \u00faltimas tecnolog\u00edas se abren paso en el trabajo diario de las granjas. Desde ALCE llevamos a cabo un riguroso proceso de construcci\u00f3n y montaje para que obtengas un alto rendimiento.<\/p>\n<p style=\"text-align: center;\"><a class=\"button\" href=\"http:\/\/alceacerosyestructuras.es\/index.php\/naves-avicolas\/\">VER M\u00c1S<\/a><\/p>\n<p><\/p><\/div><\/div><div  class=\"lgc-column lgc-grid-parent lgc-grid-50 lgc-tablet-grid-50 lgc-mobile-grid-100 lgc-equal-heights \"><div  class=\"inside-grid-column\">\n<div class=\"eds-animate edsanimate-sis-hidden \" data-eds-entry-animation=\"zoomIn\" data-eds-entry-delay=\"0\" data-eds-entry-duration=\"2\" data-eds-entry-timing=\"ease-in-out\" data-eds-exit-animation=\"\" data-eds-exit-delay=\"\" data-eds-exit-duration=\"\" data-eds-exit-timing=\"\" data-eds-repeat-count=\"1\" data-eds-keep=\"yes\" data-eds-animate-on=\"scroll\" data-eds-scroll-offset=\"75\">\n<p>&nbsp;<\/p>\n<p><a href=\"http:\/\/alceacerosyestructuras.es\/index.php\/naves-industriales\/\"><img loading=\"lazy\" decoding=\"async\" class=\"wp-image-2495 size-full aligncenter\" style=\"box-shadow: 3px 3px 14px 0px rgba(40, 41, 33, 0.61); -moz-box-shadow: 3px 3px 14px 0px rgba(40, 41, 33, 0.61); -webkit-box-shadow: 3px 3px 14px 0px rgba(40, 41, 33, 0.61); border-radius: 15px;\" src=\"http:\/\/alceacerosyestructuras.es\/wp-content\/uploads\/2020\/03\/Inicio_Industrial.jpg\" alt=\"\" width=\"500\" height=\"300\" srcset=\"https:\/\/alceacerosyestructuras.es\/wp-content\/uploads\/2020\/03\/Inicio_Industrial.jpg 500w, https:\/\/alceacerosyestructuras.es\/wp-content\/uploads\/2020\/03\/Inicio_Industrial-300x180.jpg 300w\" sizes=\"auto, (max-width: 500px) 100vw, 500px\" \/><\/a><\/p>\n<h2 style=\"text-align: center;\"><a href=\"http:\/\/alceacerosyestructuras.es\/index.php\/naves-industriales\/\">NAVES INDUSTRIALES<\/a><\/h2>\n<p style=\"text-align: left;\"><\/p><\/div>\n<p style=\"text-align: center;\">Llevamos a cabo construcciones industriales englobando cualquier tipo de sector. Nos adaptamos a las necesidades del cliente y damos soluciones viables a cada situaci\u00f3n.<\/p>\n<p style=\"text-align: center;\"><a class=\"button\" href=\"http:\/\/alceacerosyestructuras.es\/index.php\/naves-industriales\/\">VER M\u00c1S<\/a><\/p>\n<p><\/p><\/div><\/div><div  class=\"lgc-column lgc-grid-parent lgc-grid-50 lgc-tablet-grid-50 lgc-mobile-grid-100 lgc-equal-heights \"><div  class=\"inside-grid-column\">\n<div class=\"eds-animate edsanimate-sis-hidden \" data-eds-entry-animation=\"zoomIn\" data-eds-entry-delay=\"0\" data-eds-entry-duration=\"2\" data-eds-entry-timing=\"ease-in-out\" data-eds-exit-animation=\"\" data-eds-exit-delay=\"\" data-eds-exit-duration=\"\" data-eds-exit-timing=\"\" data-eds-repeat-count=\"1\" data-eds-keep=\"yes\" data-eds-animate-on=\"scroll\" data-eds-scroll-offset=\"75\">\n<p>&nbsp;<\/p>\n<p><a href=\"http:\/\/alceacerosyestructuras.es\/index.php\/naves-agricolas\/\"><img loading=\"lazy\" decoding=\"async\" class=\"wp-image-2493 size-full aligncenter\" style=\"box-shadow: 3px 3px 14px 0px rgba(40, 41, 33, 0.61); -moz-box-shadow: 3px 3px 14px 0px rgba(40, 41, 33, 0.61); -webkit-box-shadow: 3px 3px 14px 0px rgba(40, 41, 33, 0.61); border-radius: 15px;\" src=\"http:\/\/alceacerosyestructuras.es\/wp-content\/uploads\/2020\/03\/Inicio_Agr\u00edcola.jpg\" alt=\"\" width=\"500\" height=\"300\" srcset=\"https:\/\/alceacerosyestructuras.es\/wp-content\/uploads\/2020\/03\/Inicio_Agr\u00edcola.jpg 500w, https:\/\/alceacerosyestructuras.es\/wp-content\/uploads\/2020\/03\/Inicio_Agr\u00edcola-300x180.jpg 300w\" sizes=\"auto, (max-width: 500px) 100vw, 500px\" \/><\/a><\/p>\n<h2 style=\"text-align: center;\"><a href=\"http:\/\/alceacerosyestructuras.es\/index.php\/naves-agricolas\/\">NAVES AGR\u00cdCOLAS<\/a><\/h2>\n<p style=\"text-align: left;\"><\/p><\/div>\n<p style=\"text-align: center;\">Llevamos a cabo la construcci\u00f3n de naves, que se adaptan a tus necesidades y objetivos en las tareas diarias de agricultura y ganader\u00eda.<\/p>\n<p style=\"text-align: center;\"><a class=\"button\" href=\"http:\/\/alceacerosyestructuras.es\/index.php\/naves-agricolas\/\">VER M\u00c1S<\/a><\/p>\n<p><\/p><\/div><\/div><div class=\"lgc-clear\"><\/div>\n<p align=\"center\"><div class=\"eds-animate edsanimate-sis-hidden \" data-eds-entry-animation=\"fadeIn\" data-eds-entry-delay=\"0\" data-eds-entry-duration=\"2\" data-eds-entry-timing=\"ease-in\" data-eds-exit-animation=\"\" data-eds-exit-delay=\"\" data-eds-exit-duration=\"\" data-eds-exit-timing=\"\" data-eds-repeat-count=\"1\" data-eds-keep=\"yes\" data-eds-animate-on=\"scroll\" data-eds-scroll-offset=\"75\"><\/p>\n<h1 class=\"cta-headline\"><span style=\"color: #ffffff;\">SERVICIO DE RETIRADA<\/span><\/h1>\n<h1 class=\"cta-headline\"><span style=\"color: #ffffff;\">DE AMIANTO<\/span><\/h1>\n<h2 class=\"cta-headline\"><span style=\"color: #ffffff;\">P\u00eddenos presupuesto sin compromiso<\/span><\/h2>\n<p align=\"center\"><\/div><\/p>\n<p align=\"center\"><a class=\"button ghost\" href=\"https:\/\/alceacerosyestructuras.es\/index.php\/amianto\/\">M\u00e1s info<\/a><\/p>\n<h1 style=\"text-align: center;\"><div class=\"eds-animate edsanimate-sis-hidden \" data-eds-entry-animation=\"fadeInLeft\" data-eds-entry-delay=\"0\" data-eds-entry-duration=\"1.5\" data-eds-entry-timing=\"ease-in\" data-eds-exit-animation=\"\" data-eds-exit-delay=\"\" data-eds-exit-duration=\"\" data-eds-exit-timing=\"\" data-eds-repeat-count=\"1\" data-eds-keep=\"yes\" data-eds-animate-on=\"scroll\" data-eds-scroll-offset=\"75\">OTROS TRABAJOS<\/div><\/h1>\n<div  class=\"lgc-column lgc-grid-parent lgc-grid-25 lgc-tablet-grid-25 lgc-mobile-grid-100 lgc-equal-heights \"><div  class=\"inside-grid-column\">\n<p><div class=\"eds-animate  \" data-eds-entry-animation=\"rotateIn\" data-eds-entry-delay=\"0\" data-eds-entry-duration=\"1\" data-eds-entry-timing=\"ease-out\" data-eds-exit-animation=\"\" data-eds-exit-delay=\"\" data-eds-exit-duration=\"\" data-eds-exit-timing=\"\" data-eds-repeat-count=\"1\" data-eds-keep=\"yes\" data-eds-animate-on=\"hover\" data-eds-scroll-offset=\"\"><a href=\"http:\/\/alceacerosyestructuras.es\/index.php\/servicios\/\"><img loading=\"lazy\" decoding=\"async\" class=\"size-full wp-image-1590 aligncenter\" src=\"http:\/\/alceacerosyestructuras.es\/wp-content\/uploads\/2020\/02\/Icon_Mantenimiento-1.png\" alt=\"\" width=\"200\" height=\"200\" srcset=\"https:\/\/alceacerosyestructuras.es\/wp-content\/uploads\/2020\/02\/Icon_Mantenimiento-1.png 200w, https:\/\/alceacerosyestructuras.es\/wp-content\/uploads\/2020\/02\/Icon_Mantenimiento-1-150x150.png 150w\" sizes=\"auto, (max-width: 200px) 100vw, 200px\" \/><\/a><\/div><\/p>\n<h3 style=\"text-align: center;\"><a href=\"http:\/\/alceacerosyestructuras.es\/index.php\/servicios\/\">Mantenimiento de Industrias Vin\u00edcolas<\/a><\/h3>\n<p>\u00a0<\/p><\/div><\/div> <div  class=\"lgc-column lgc-grid-parent lgc-grid-25 lgc-tablet-grid-25 lgc-mobile-grid-100 lgc-equal-heights \"><div  class=\"inside-grid-column\">\n<p><div class=\"eds-animate  \" data-eds-entry-animation=\"rotateIn\" data-eds-entry-delay=\"0\" data-eds-entry-duration=\"1\" data-eds-entry-timing=\"ease-out\" data-eds-exit-animation=\"\" data-eds-exit-delay=\"\" data-eds-exit-duration=\"\" data-eds-exit-timing=\"\" data-eds-repeat-count=\"1\" data-eds-keep=\"yes\" data-eds-animate-on=\"hover\" data-eds-scroll-offset=\"\"><a href=\"http:\/\/alceacerosyestructuras.es\/index.php\/servicios\/\"><img loading=\"lazy\" decoding=\"async\" class=\"size-full wp-image-1594 aligncenter\" src=\"http:\/\/alceacerosyestructuras.es\/wp-content\/uploads\/2020\/02\/Icon_Montaje.png\" alt=\"\" width=\"200\" height=\"200\" srcset=\"https:\/\/alceacerosyestructuras.es\/wp-content\/uploads\/2020\/02\/Icon_Montaje.png 200w, https:\/\/alceacerosyestructuras.es\/wp-content\/uploads\/2020\/02\/Icon_Montaje-150x150.png 150w\" sizes=\"auto, (max-width: 200px) 100vw, 200px\" \/><\/a><\/div><\/p>\n<h3 style=\"text-align: center;\"><a href=\"http:\/\/alceacerosyestructuras.es\/index.php\/servicios\/\">Montaje de Panel Sandwich<\/a><\/h3>\n<p><\/p><\/div><\/div> <div  class=\"lgc-column lgc-grid-parent lgc-grid-25 lgc-tablet-grid-25 lgc-mobile-grid-100 lgc-equal-heights \"><div  class=\"inside-grid-column\">\n<p><div class=\"eds-animate  \" data-eds-entry-animation=\"rotateIn\" data-eds-entry-delay=\"0\" data-eds-entry-duration=\"1\" data-eds-entry-timing=\"ease-out\" data-eds-exit-animation=\"\" data-eds-exit-delay=\"\" data-eds-exit-duration=\"\" data-eds-exit-timing=\"\" data-eds-repeat-count=\"1\" data-eds-keep=\"yes\" data-eds-animate-on=\"hover\" data-eds-scroll-offset=\"\"><a href=\"http:\/\/alceacerosyestructuras.es\/index.php\/servicios\/\"><img loading=\"lazy\" decoding=\"async\" class=\"size-full wp-image-1595 aligncenter\" src=\"http:\/\/alceacerosyestructuras.es\/wp-content\/uploads\/2020\/02\/Icon_Panel.png\" alt=\"\" width=\"200\" height=\"200\" srcset=\"https:\/\/alceacerosyestructuras.es\/wp-content\/uploads\/2020\/02\/Icon_Panel.png 200w, https:\/\/alceacerosyestructuras.es\/wp-content\/uploads\/2020\/02\/Icon_Panel-150x150.png 150w\" sizes=\"auto, (max-width: 200px) 100vw, 200px\" \/><\/a><\/div><\/p>\n<h3 style=\"text-align: center;\"><a href=\"http:\/\/alceacerosyestructuras.es\/index.php\/servicios\/\">Construcci\u00f3n y Montaje de Estructuras Met\u00e1licas y Cubiertas<\/a><\/h3>\n<p><\/p><\/div><\/div> <div  class=\"lgc-column lgc-grid-parent lgc-grid-25 lgc-tablet-grid-25 lgc-mobile-grid-100 lgc-equal-heights \"><div  class=\"inside-grid-column\">\n<p><div class=\"eds-animate  \" data-eds-entry-animation=\"rotateIn\" data-eds-entry-delay=\"0\" data-eds-entry-duration=\"1\" data-eds-entry-timing=\"ease-out\" data-eds-exit-animation=\"\" data-eds-exit-delay=\"\" data-eds-exit-duration=\"\" data-eds-exit-timing=\"\" data-eds-repeat-count=\"1\" data-eds-keep=\"yes\" data-eds-animate-on=\"hover\" data-eds-scroll-offset=\"\"><a href=\"http:\/\/alceacerosyestructuras.es\/index.php\/servicios\/\"><img loading=\"lazy\" decoding=\"async\" class=\"size-full wp-image-1593 aligncenter\" src=\"http:\/\/alceacerosyestructuras.es\/wp-content\/uploads\/2020\/02\/Icon_Decorativos.png\" alt=\"\" width=\"200\" height=\"200\" srcset=\"https:\/\/alceacerosyestructuras.es\/wp-content\/uploads\/2020\/02\/Icon_Decorativos.png 200w, https:\/\/alceacerosyestructuras.es\/wp-content\/uploads\/2020\/02\/Icon_Decorativos-150x150.png 150w\" sizes=\"auto, (max-width: 200px) 100vw, 200px\" \/><\/a><\/div><\/p>\n<\/div>\n<h3 style=\"text-align: center;\"><a href=\"http:\/\/alceacerosyestructuras.es\/index.php\/servicios\/\">Trabajos Industriales y Decorativos de Acero Inoxidable<\/a><\/h3>\n<p><\/p><\/div><div class=\"lgc-clear\"><\/div>\n<p align=\"center\"><div class=\"eds-animate edsanimate-sis-hidden \" data-eds-entry-animation=\"fadeIn\" data-eds-entry-delay=\"0\" data-eds-entry-duration=\"2\" data-eds-entry-timing=\"ease-in\" data-eds-exit-animation=\"\" data-eds-exit-delay=\"\" data-eds-exit-duration=\"\" data-eds-exit-timing=\"\" data-eds-repeat-count=\"1\" data-eds-keep=\"yes\" data-eds-animate-on=\"scroll\" data-eds-scroll-offset=\"75\"><\/p>\n<h1 class=\"cta-headline\">Todo nuestro equipo<\/h1>\n<h1 class=\"cta-headline\">Los mejores medios<\/h1>\n<h1 class=\"cta-headline\">Las \u00faltimas tecnolog\u00edas<\/h1>\n<h1 class=\"cta-headline\">A tu disposici\u00f3n<\/h1>\n<p align=\"center\"><\/div><\/p>\n<p align=\"center\"><a class=\"button ghost\" href=\"http:\/\/alceacerosyestructuras.es\/index.php\/contacto\/\">Vis\u00edtanos<\/a><\/p>\n<h1 style=\"text-align: center;\"><div class=\"eds-animate edsanimate-sis-hidden \" data-eds-entry-animation=\"fadeInLeft\" data-eds-entry-delay=\"0\" data-eds-entry-duration=\"1.5\" data-eds-entry-timing=\"ease-in\" data-eds-exit-animation=\"\" data-eds-exit-delay=\"\" data-eds-exit-duration=\"\" data-eds-exit-timing=\"\" data-eds-repeat-count=\"1\" data-eds-keep=\"yes\" data-eds-animate-on=\"scroll\" data-eds-scroll-offset=\"75\">COLABORADORES<\/div><\/h1>\n<p><div class=\"eds-animate edsanimate-sis-hidden \" data-eds-entry-animation=\"zoomIn\" data-eds-entry-delay=\"0\" data-eds-entry-duration=\"1\" data-eds-entry-timing=\"linear\" data-eds-exit-animation=\"\" data-eds-exit-delay=\"\" data-eds-exit-duration=\"\" data-eds-exit-timing=\"\" data-eds-repeat-count=\"1\" data-eds-keep=\"yes\" data-eds-animate-on=\"scroll\" data-eds-scroll-offset=\"75\"><img loading=\"lazy\" decoding=\"async\" class=\"aligncenter wp-image-2524 size-medium\" src=\"http:\/\/alceacerosyestructuras.es\/wp-content\/uploads\/2020\/03\/logo-Remates-y-Plegados-Madrid-300x107.png\" alt=\"\" width=\"300\" height=\"107\" srcset=\"https:\/\/alceacerosyestructuras.es\/wp-content\/uploads\/2020\/03\/logo-Remates-y-Plegados-Madrid-300x107.png 300w, https:\/\/alceacerosyestructuras.es\/wp-content\/uploads\/2020\/03\/logo-Remates-y-Plegados-Madrid-1024x366.png 1024w, https:\/\/alceacerosyestructuras.es\/wp-content\/uploads\/2020\/03\/logo-Remates-y-Plegados-Madrid-768x274.png 768w, https:\/\/alceacerosyestructuras.es\/wp-content\/uploads\/2020\/03\/logo-Remates-y-Plegados-Madrid.png 1400w\" sizes=\"auto, (max-width: 300px) 100vw, 300px\" \/><\/div><\/p>\n","protected":false},"excerpt":{"rendered":"<p>CONSTRUCCI\u00d3N DE NAVES SERVICIO DE RETIRADA DE AMIANTO P\u00eddenos presupuesto sin compromiso M\u00e1s info OTROS TRABAJOS Todo nuestro equipo Los mejores medios Las \u00faltimas tecnolog\u00edas A tu disposici\u00f3n Vis\u00edtanos COLABORADORES<\/p>\n","protected":false},"author":1,"featured_media":0,"parent":0,"menu_order":1,"comment_status":"closed","ping_status":"closed","template":"","meta":{"footnotes":""},"class_list":{"0":"post-1356","1":"page","2":"type-page","3":"status-publish","5":"infinite-scroll-item"},"_links":{"self":[{"href":"https:\/\/alceacerosyestructuras.es\/index.php\/wp-json\/wp\/v2\/pages\/1356","targetHints":{"allow":["GET"]}}],"collection":[{"href":"https:\/\/alceacerosyestructuras.es\/index.php\/wp-json\/wp\/v2\/pages"}],"about":[{"href":"https:\/\/alceacerosyestructuras.es\/index.php\/wp-json\/wp\/v2\/types\/page"}],"author":[{"embeddable":true,"href":"https:\/\/alceacerosyestructuras.es\/index.php\/wp-json\/wp\/v2\/users\/1"}],"replies":[{"embeddable":true,"href":"https:\/\/alceacerosyestructuras.es\/index.php\/wp-json\/wp\/v2\/comments?post=1356"}],"version-history":[{"count":483,"href":"https:\/\/alceacerosyestructuras.es\/index.php\/wp-json\/wp\/v2\/pages\/1356\/revisions"}],"predecessor-version":[{"id":3521,"href":"https:\/\/alceacerosyestructuras.es\/index.php\/wp-json\/wp\/v2\/pages\/1356\/revisions\/3521"}],"wp:attachment":[{"href":"https:\/\/alceacerosyestructuras.es\/index.php\/wp-json\/wp\/v2\/media?parent=1356"}],"curies":[{"name":"wp","href":"https:\/\/api.w.org\/{rel}","templated":true}]}}