{"id":1822,"date":"2020-03-04T11:37:39","date_gmt":"2020-03-04T11:37:39","guid":{"rendered":"http:\/\/alceacerosyestructuras.es\/?page_id=1822"},"modified":"2022-03-25T19:18:55","modified_gmt":"2022-03-25T19:18:55","slug":"naves-para-cultivo-de-champinon","status":"publish","type":"page","link":"https:\/\/alceacerosyestructuras.es\/index.php\/naves-para-cultivo-de-champinon\/","title":{"rendered":"Naves para cultivo de champi\u00f1\u00f3n"},"content":{"rendered":"<h1 style=\"text-align: center;\"><div class=\"eds-animate edsanimate-sis-hidden \" data-eds-entry-animation=\"fadeInDown\" data-eds-entry-delay=\"0\" data-eds-entry-duration=\"1.5\" data-eds-entry-timing=\"cubic-bezier(0.47, 0, 0.745, 0.715)\" data-eds-exit-animation=\"\" data-eds-exit-delay=\"\" data-eds-exit-duration=\"\" data-eds-exit-timing=\"\" data-eds-repeat-count=\"1\" data-eds-keep=\"yes\" data-eds-animate-on=\"scroll\" data-eds-scroll-offset=\"75\">NAVES PARA CULTIVO DE CHAMPI\u00d1\u00d3N<\/div><\/h1>\n<div  class=\"lgc-column lgc-grid-parent lgc-grid-50 lgc-tablet-grid-50 lgc-mobile-grid-100 lgc-equal-heights \"><div  class=\"inside-grid-column\">\n<p><div class=\"eds-animate edsanimate-sis-hidden \" data-eds-entry-animation=\"fadeInLeft\" data-eds-entry-delay=\"0\" data-eds-entry-duration=\"1\" data-eds-entry-timing=\"ease-in\" data-eds-exit-animation=\"\" data-eds-exit-delay=\"\" data-eds-exit-duration=\"\" data-eds-exit-timing=\"\" data-eds-repeat-count=\"1\" data-eds-keep=\"yes\" data-eds-animate-on=\"load\" data-eds-scroll-offset=\"\"><img loading=\"lazy\" decoding=\"async\" class=\"alignnone wp-image-3238 size-full\" src=\"https:\/\/alceacerosyestructuras.es\/wp-content\/uploads\/2020\/05\/Introducci\u00f3n_Champi.jpg\" alt=\"\" width=\"800\" height=\"533\" srcset=\"https:\/\/alceacerosyestructuras.es\/wp-content\/uploads\/2020\/05\/Introducci\u00f3n_Champi.jpg 800w, https:\/\/alceacerosyestructuras.es\/wp-content\/uploads\/2020\/05\/Introducci\u00f3n_Champi-300x200.jpg 300w, https:\/\/alceacerosyestructuras.es\/wp-content\/uploads\/2020\/05\/Introducci\u00f3n_Champi-768x512.jpg 768w\" sizes=\"auto, (max-width: 800px) 100vw, 800px\" \/><\/div><\/p>\n<p><\/p><\/div><\/div>\n<div  class=\"lgc-column lgc-grid-parent lgc-grid-50 lgc-tablet-grid-50 lgc-mobile-grid-100 lgc-equal-heights \"><div  class=\"inside-grid-column\"><div class=\"eds-animate edsanimate-sis-hidden \" data-eds-entry-animation=\"fadeInRight\" data-eds-entry-delay=\"0\" data-eds-entry-duration=\"1.5\" data-eds-entry-timing=\"cubic-bezier(0.47, 0, 0.745, 0.715)\" data-eds-exit-animation=\"\" data-eds-exit-delay=\"\" data-eds-exit-duration=\"\" data-eds-exit-timing=\"\" data-eds-repeat-count=\"1\" data-eds-keep=\"yes\" data-eds-animate-on=\"scroll\" data-eds-scroll-offset=\"75\">\n<h4>\u00a0<\/h4>\n<h4>Construcci\u00f3n, materiales y equipamiento.<\/h4>\n<p>A\u00f1os de tradici\u00f3n en nuestra zona, centrados en el <strong>cultivo de champi\u00f1\u00f3n y seta<\/strong>, nos han llevado a especializarnos en la construcci\u00f3n de instalaciones basadas en la producci\u00f3n de estos alimentos.<\/p>\n<p>El uso de <strong>materiales de alta calidad<\/strong> dotan a nuestras construcciones de un <strong>perfecto aislamiento y durabilidad<\/strong>, manteniendo las <strong>condiciones ambientales id\u00f3neas para el crecimiento de los cultivos<\/strong>.<\/p>\n<p>Equipamos los <strong>t\u00faneles<\/strong> con las \u00faltimas tecnolog\u00edas en <strong>carros de riego y de recogida<\/strong>.<\/p>\n<p><\/p><\/div>\n<p><\/p><\/div><\/div><div class=\"lgc-clear\"><\/div>\n<h3 style=\"padding-top: 30px;\">\u00a0<\/h3>\n<h1 style=\"text-align: center;\"><div class=\"eds-animate edsanimate-sis-hidden \" data-eds-entry-animation=\"fadeInDown\" data-eds-entry-delay=\"0\" data-eds-entry-duration=\"1.5\" data-eds-entry-timing=\"cubic-bezier(0.47, 0, 0.745, 0.715)\" data-eds-exit-animation=\"\" data-eds-exit-delay=\"\" data-eds-exit-duration=\"\" data-eds-exit-timing=\"\" data-eds-repeat-count=\"1\" data-eds-keep=\"yes\" data-eds-animate-on=\"scroll\" data-eds-scroll-offset=\"75\"><span style=\"color: #ffffff;\">AISLAMIENTO Y DURABILIDAD PARA TUS INSTALACIONES<\/span><\/div><\/h1>\n<style type=\"text\/css\">\n#foogallery-gallery-1977.fg-justified .fg-item { margin-right: 20px; margin-bottom: 20px; }\n#foogallery-gallery-1977.fg-justified .fg-image { height: 250px; }<\/style>\n\t\t\t<div class=\"foogallery foogallery-container foogallery-justified foogallery-lightbox-foobox fg-justified fg-ready fg-light fg-loading-partial fg-loaded-fade-in fg-hover-scale fg-caption-hover fg-hover-slide-up\" id=\"foogallery-gallery-1977\" data-foogallery=\"{&quot;item&quot;:{&quot;showCaptionTitle&quot;:false,&quot;showCaptionDescription&quot;:true},&quot;lazy&quot;:true,&quot;template&quot;:{&quot;rowHeight&quot;:250,&quot;maxRowHeight&quot;:300,&quot;margins&quot;:20,&quot;align&quot;:&quot;center&quot;,&quot;lastRow&quot;:&quot;smart&quot;}}\" style=\"--fg-title-line-clamp: 0; --fg-description-line-clamp: 0;\" >\n\t<div class=\"fg-item fg-type-image fg-idle\"><figure class=\"fg-item-inner\"><a href=\"https:\/\/alceacerosyestructuras.es\/wp-content\/uploads\/2020\/03\/Naves_Champi-5.jpg\" data-attachment-id=\"3231\" data-type=\"image\" class=\"fg-thumb\"><span class=\"fg-image-wrap\"><img fetchpriority=\"high\" decoding=\"async\" height=\"300\" width=\"300\" class=\"skip-lazy fg-image\" data-src-fg=\"https:\/\/alceacerosyestructuras.es\/wp-content\/uploads\/cache\/2020\/03\/Naves_Champi-5\/156304970.jpg\" src=\"data:image\/svg+xml,%3Csvg%20xmlns%3D%22http%3A%2F%2Fwww.w3.org%2F2000%2Fsvg%22%20width%3D%22300%22%20height%3D%22300%22%20viewBox%3D%220%200%20300%20300%22%3E%3C%2Fsvg%3E\" loading=\"eager\"><\/span><span class=\"fg-image-overlay\"><\/span><\/a><\/figure><div class=\"fg-loader\"><\/div><\/div><div class=\"fg-item fg-type-image fg-idle\"><figure class=\"fg-item-inner\"><a href=\"https:\/\/alceacerosyestructuras.es\/wp-content\/uploads\/2020\/03\/Naves_Champi-7.jpg\" data-attachment-id=\"3233\" data-type=\"image\" class=\"fg-thumb\"><span class=\"fg-image-wrap\"><img decoding=\"async\" height=\"300\" width=\"533\" class=\"skip-lazy fg-image\" data-src-fg=\"https:\/\/alceacerosyestructuras.es\/wp-content\/uploads\/cache\/2020\/03\/Naves_Champi-7\/2518494227.jpg\" src=\"data:image\/svg+xml,%3Csvg%20xmlns%3D%22http%3A%2F%2Fwww.w3.org%2F2000%2Fsvg%22%20width%3D%22533%22%20height%3D%22300%22%20viewBox%3D%220%200%20533%20300%22%3E%3C%2Fsvg%3E\" loading=\"eager\"><\/span><span class=\"fg-image-overlay\"><\/span><\/a><\/figure><div class=\"fg-loader\"><\/div><\/div><div class=\"fg-item fg-type-image fg-idle\"><figure class=\"fg-item-inner\"><a href=\"https:\/\/alceacerosyestructuras.es\/wp-content\/uploads\/2020\/03\/Naves_Champi-4.jpg\" data-attachment-id=\"3230\" data-type=\"image\" class=\"fg-thumb\"><span class=\"fg-image-wrap\"><img decoding=\"async\" height=\"300\" width=\"400\" class=\"skip-lazy fg-image\" data-src-fg=\"https:\/\/alceacerosyestructuras.es\/wp-content\/uploads\/cache\/2020\/03\/Naves_Champi-4\/2874118214.jpg\" src=\"data:image\/svg+xml,%3Csvg%20xmlns%3D%22http%3A%2F%2Fwww.w3.org%2F2000%2Fsvg%22%20width%3D%22400%22%20height%3D%22300%22%20viewBox%3D%220%200%20400%20300%22%3E%3C%2Fsvg%3E\" loading=\"eager\"><\/span><span class=\"fg-image-overlay\"><\/span><\/a><\/figure><div class=\"fg-loader\"><\/div><\/div><div class=\"fg-item fg-type-image fg-idle\"><figure class=\"fg-item-inner\"><a href=\"https:\/\/alceacerosyestructuras.es\/wp-content\/uploads\/2020\/03\/Naves_Champi-8.jpg\" data-attachment-id=\"3234\" data-type=\"image\" class=\"fg-thumb\"><span class=\"fg-image-wrap\"><img decoding=\"async\" height=\"300\" width=\"300\" class=\"skip-lazy fg-image\" data-src-fg=\"https:\/\/alceacerosyestructuras.es\/wp-content\/uploads\/cache\/2020\/03\/Naves_Champi-8\/2638469376.jpg\" src=\"data:image\/svg+xml,%3Csvg%20xmlns%3D%22http%3A%2F%2Fwww.w3.org%2F2000%2Fsvg%22%20width%3D%22300%22%20height%3D%22300%22%20viewBox%3D%220%200%20300%20300%22%3E%3C%2Fsvg%3E\" loading=\"eager\"><\/span><span class=\"fg-image-overlay\"><\/span><\/a><\/figure><div class=\"fg-loader\"><\/div><\/div><div class=\"fg-item fg-type-image fg-idle\"><figure class=\"fg-item-inner\"><a href=\"https:\/\/alceacerosyestructuras.es\/wp-content\/uploads\/2020\/03\/Naves_Champi-6.jpg\" data-attachment-id=\"3232\" data-type=\"image\" class=\"fg-thumb\"><span class=\"fg-image-wrap\"><img decoding=\"async\" height=\"300\" width=\"533\" class=\"skip-lazy fg-image\" data-src-fg=\"https:\/\/alceacerosyestructuras.es\/wp-content\/uploads\/cache\/2020\/03\/Naves_Champi-6\/872659487.jpg\" src=\"data:image\/svg+xml,%3Csvg%20xmlns%3D%22http%3A%2F%2Fwww.w3.org%2F2000%2Fsvg%22%20width%3D%22533%22%20height%3D%22300%22%20viewBox%3D%220%200%20533%20300%22%3E%3C%2Fsvg%3E\" loading=\"eager\"><\/span><span class=\"fg-image-overlay\"><\/span><\/a><\/figure><div class=\"fg-loader\"><\/div><\/div><div class=\"fg-item fg-type-image fg-idle\"><figure class=\"fg-item-inner\"><a href=\"https:\/\/alceacerosyestructuras.es\/wp-content\/uploads\/2020\/03\/Naves_Champi-10.jpg\" data-attachment-id=\"3236\" data-type=\"image\" class=\"fg-thumb\"><span class=\"fg-image-wrap\"><img decoding=\"async\" height=\"300\" width=\"300\" class=\"skip-lazy fg-image\" data-src-fg=\"https:\/\/alceacerosyestructuras.es\/wp-content\/uploads\/cache\/2020\/03\/Naves_Champi-10\/2538155340.jpg\" src=\"data:image\/svg+xml,%3Csvg%20xmlns%3D%22http%3A%2F%2Fwww.w3.org%2F2000%2Fsvg%22%20width%3D%22300%22%20height%3D%22300%22%20viewBox%3D%220%200%20300%20300%22%3E%3C%2Fsvg%3E\" loading=\"eager\"><\/span><span class=\"fg-image-overlay\"><\/span><\/a><\/figure><div class=\"fg-loader\"><\/div><\/div><div class=\"fg-item fg-type-image fg-idle\"><figure class=\"fg-item-inner\"><a href=\"https:\/\/alceacerosyestructuras.es\/wp-content\/uploads\/2020\/03\/Naves_Champi-9.jpg\" data-attachment-id=\"3235\" data-type=\"image\" class=\"fg-thumb\"><span class=\"fg-image-wrap\"><img decoding=\"async\" height=\"300\" width=\"400\" class=\"skip-lazy fg-image\" data-src-fg=\"https:\/\/alceacerosyestructuras.es\/wp-content\/uploads\/cache\/2020\/03\/Naves_Champi-9\/1063079692.jpg\" src=\"data:image\/svg+xml,%3Csvg%20xmlns%3D%22http%3A%2F%2Fwww.w3.org%2F2000%2Fsvg%22%20width%3D%22400%22%20height%3D%22300%22%20viewBox%3D%220%200%20400%20300%22%3E%3C%2Fsvg%3E\" loading=\"eager\"><\/span><span class=\"fg-image-overlay\"><\/span><\/a><\/figure><div class=\"fg-loader\"><\/div><\/div><div class=\"fg-item fg-type-image fg-idle\"><figure class=\"fg-item-inner\"><a href=\"https:\/\/alceacerosyestructuras.es\/wp-content\/uploads\/2020\/03\/Naves_Champi-3.jpg\" data-attachment-id=\"3229\" data-type=\"image\" class=\"fg-thumb\"><span class=\"fg-image-wrap\"><img decoding=\"async\" height=\"300\" width=\"400\" class=\"skip-lazy fg-image\" data-src-fg=\"https:\/\/alceacerosyestructuras.es\/wp-content\/uploads\/cache\/2020\/03\/Naves_Champi-3\/303558945.jpg\" src=\"data:image\/svg+xml,%3Csvg%20xmlns%3D%22http%3A%2F%2Fwww.w3.org%2F2000%2Fsvg%22%20width%3D%22400%22%20height%3D%22300%22%20viewBox%3D%220%200%20400%20300%22%3E%3C%2Fsvg%3E\" loading=\"eager\"><\/span><span class=\"fg-image-overlay\"><\/span><\/a><\/figure><div class=\"fg-loader\"><\/div><\/div><div class=\"fg-item fg-type-image fg-idle\"><figure class=\"fg-item-inner\"><a href=\"https:\/\/alceacerosyestructuras.es\/wp-content\/uploads\/2020\/03\/Naves_Champi-2.jpg\" data-caption-desc=\"Galer\u00eda Champi\u00f1\u00f3n\" data-attachment-id=\"3228\" data-type=\"image\" class=\"fg-thumb\"><span class=\"fg-image-wrap\"><img decoding=\"async\" height=\"300\" width=\"225\" class=\"skip-lazy fg-image\" data-src-fg=\"https:\/\/alceacerosyestructuras.es\/wp-content\/uploads\/cache\/2020\/03\/Naves_Champi-2\/2953406253.jpg\" src=\"data:image\/svg+xml,%3Csvg%20xmlns%3D%22http%3A%2F%2Fwww.w3.org%2F2000%2Fsvg%22%20width%3D%22225%22%20height%3D%22300%22%20viewBox%3D%220%200%20225%20300%22%3E%3C%2Fsvg%3E\" loading=\"eager\"><\/span><span class=\"fg-image-overlay\"><\/span><\/a><figcaption class=\"fg-caption\"><div class=\"fg-caption-inner\"><div class=\"fg-caption-desc\">Galer\u00eda Champi\u00f1\u00f3n<\/div><\/div><\/figcaption><\/figure><div class=\"fg-loader\"><\/div><\/div><\/div>\n\n<p style=\"text-align: center;\"><a class=\"button\" href=\"http:\/\/alceacerosyestructuras.es\/index.php\/blog\/\">Ver m\u00e1s<\/a><\/p>\n<h1 style=\"text-align: center;\"><div class=\"eds-animate edsanimate-sis-hidden \" data-eds-entry-animation=\"fadeInDown\" data-eds-entry-delay=\"0\" data-eds-entry-duration=\"1.5\" data-eds-entry-timing=\"cubic-bezier(0.47, 0, 0.745, 0.715)\" data-eds-exit-animation=\"\" data-eds-exit-delay=\"\" data-eds-exit-duration=\"\" data-eds-exit-timing=\"\" data-eds-repeat-count=\"1\" data-eds-keep=\"yes\" data-eds-animate-on=\"scroll\" data-eds-scroll-offset=\"75\"><span style=\"color: #ffffff;\">\u00bfNECESITAS ALGO M\u00c1S<span style=\"color: #ffffff;\">?<\/span><\/span><\/div><\/h1>\n<div  class=\"lgc-column lgc-grid-parent lgc-grid-25 lgc-tablet-grid-25 lgc-mobile-grid-100 lgc-equal-heights \"><div  class=\"inside-grid-column\">\n<p><div class=\"eds-animate  \" data-eds-entry-animation=\"rotateIn\" data-eds-entry-delay=\"0\" data-eds-entry-duration=\"1\" data-eds-entry-timing=\"ease-out\" data-eds-exit-animation=\"\" data-eds-exit-delay=\"\" data-eds-exit-duration=\"\" data-eds-exit-timing=\"\" data-eds-repeat-count=\"1\" data-eds-keep=\"yes\" data-eds-animate-on=\"hover\" data-eds-scroll-offset=\"\"><a href=\"http:\/\/alceacerosyestructuras.es\/index.php\/servicios\/\"><img loading=\"lazy\" decoding=\"async\" class=\"aligncenter wp-image-1590 size-full\" src=\"http:\/\/alceacerosyestructuras.es\/wp-content\/uploads\/2020\/02\/Icon_Mantenimiento-1.png\" alt=\"\" width=\"200\" height=\"200\" srcset=\"https:\/\/alceacerosyestructuras.es\/wp-content\/uploads\/2020\/02\/Icon_Mantenimiento-1.png 200w, https:\/\/alceacerosyestructuras.es\/wp-content\/uploads\/2020\/02\/Icon_Mantenimiento-1-150x150.png 150w\" sizes=\"auto, (max-width: 200px) 100vw, 200px\" \/><\/a><\/div><\/p>\n<h3 style=\"text-align: center;\"><a href=\"http:\/\/alceacerosyestructuras.es\/index.php\/servicios\/\">Mantenimiento de Industrias Vin\u00edcolas<\/a><\/h3>\n<p>\u00a0<\/p><\/div><\/div> <div  class=\"lgc-column lgc-grid-parent lgc-grid-25 lgc-tablet-grid-25 lgc-mobile-grid-100 lgc-equal-heights \"><div  class=\"inside-grid-column\">\n<p><div class=\"eds-animate  \" data-eds-entry-animation=\"rotateIn\" data-eds-entry-delay=\"0\" data-eds-entry-duration=\"1\" data-eds-entry-timing=\"ease-out\" data-eds-exit-animation=\"\" data-eds-exit-delay=\"\" data-eds-exit-duration=\"\" data-eds-exit-timing=\"\" data-eds-repeat-count=\"1\" data-eds-keep=\"yes\" data-eds-animate-on=\"hover\" data-eds-scroll-offset=\"\"><a href=\"http:\/\/alceacerosyestructuras.es\/index.php\/servicios\/\"><img loading=\"lazy\" decoding=\"async\" class=\"aligncenter wp-image-1594 size-full\" src=\"http:\/\/alceacerosyestructuras.es\/wp-content\/uploads\/2020\/02\/Icon_Montaje.png\" alt=\"\" width=\"200\" height=\"200\" srcset=\"https:\/\/alceacerosyestructuras.es\/wp-content\/uploads\/2020\/02\/Icon_Montaje.png 200w, https:\/\/alceacerosyestructuras.es\/wp-content\/uploads\/2020\/02\/Icon_Montaje-150x150.png 150w\" sizes=\"auto, (max-width: 200px) 100vw, 200px\" \/><\/a><\/div><\/p>\n<\/div>\n<h3 style=\"text-align: center;\"><a href=\"http:\/\/alceacerosyestructuras.es\/index.php\/servicios\/\">Montaje de Panel Sandwich<\/a><\/h3>\n<p><\/p><\/div> <div  class=\"lgc-column lgc-grid-parent lgc-grid-25 lgc-tablet-grid-25 lgc-mobile-grid-100 lgc-equal-heights \"><div  class=\"inside-grid-column\">\n<p><div class=\"eds-animate  \" data-eds-entry-animation=\"rotateIn\" data-eds-entry-delay=\"0\" data-eds-entry-duration=\"1\" data-eds-entry-timing=\"ease-out\" data-eds-exit-animation=\"\" data-eds-exit-delay=\"\" data-eds-exit-duration=\"\" data-eds-exit-timing=\"\" data-eds-repeat-count=\"1\" data-eds-keep=\"yes\" data-eds-animate-on=\"hover\" data-eds-scroll-offset=\"\"><a href=\"http:\/\/alceacerosyestructuras.es\/index.php\/servicios\/\"><img loading=\"lazy\" decoding=\"async\" class=\"aligncenter wp-image-1595 size-full\" src=\"http:\/\/alceacerosyestructuras.es\/wp-content\/uploads\/2020\/02\/Icon_Panel.png\" alt=\"\" width=\"200\" height=\"200\" srcset=\"https:\/\/alceacerosyestructuras.es\/wp-content\/uploads\/2020\/02\/Icon_Panel.png 200w, https:\/\/alceacerosyestructuras.es\/wp-content\/uploads\/2020\/02\/Icon_Panel-150x150.png 150w\" sizes=\"auto, (max-width: 200px) 100vw, 200px\" \/><\/a><\/div><\/p>\n<h3 style=\"text-align: center;\"><a href=\"http:\/\/alceacerosyestructuras.es\/index.php\/servicios\/\">Construcci\u00f3n y Montaje de Estructuras Met\u00e1licas y Cubiertas<\/a><\/h3>\n<p><\/p><\/div><\/div> <div  class=\"lgc-column lgc-grid-parent lgc-grid-25 lgc-tablet-grid-25 lgc-mobile-grid-100 lgc-equal-heights \"><div  class=\"inside-grid-column\">\n<p><div class=\"eds-animate  \" data-eds-entry-animation=\"rotateIn\" data-eds-entry-delay=\"0\" data-eds-entry-duration=\"1\" data-eds-entry-timing=\"ease-out\" data-eds-exit-animation=\"\" data-eds-exit-delay=\"\" data-eds-exit-duration=\"\" data-eds-exit-timing=\"\" data-eds-repeat-count=\"1\" data-eds-keep=\"yes\" data-eds-animate-on=\"hover\" data-eds-scroll-offset=\"\"><a href=\"http:\/\/alceacerosyestructuras.es\/index.php\/servicios\/\"><img loading=\"lazy\" decoding=\"async\" class=\"aligncenter wp-image-1593 size-full\" src=\"http:\/\/alceacerosyestructuras.es\/wp-content\/uploads\/2020\/02\/Icon_Decorativos.png\" alt=\"\" width=\"200\" height=\"200\" srcset=\"https:\/\/alceacerosyestructuras.es\/wp-content\/uploads\/2020\/02\/Icon_Decorativos.png 200w, https:\/\/alceacerosyestructuras.es\/wp-content\/uploads\/2020\/02\/Icon_Decorativos-150x150.png 150w\" sizes=\"auto, (max-width: 200px) 100vw, 200px\" \/><\/a><\/div><\/p>\n<\/div>\n<h3 style=\"text-align: center;\"><a href=\"http:\/\/alceacerosyestructuras.es\/index.php\/servicios\/\">Trabajos Industriales y Decorativos de Acero Inoxidable<\/a><\/h3>\n<p><\/p><\/div><div class=\"lgc-clear\"><\/div>\n","protected":false},"excerpt":{"rendered":"<p>NAVES PARA CULTIVO DE CHAMPI\u00d1\u00d3N \u00a0 AISLAMIENTO Y DURABILIDAD PARA TUS INSTALACIONES Ver m\u00e1s \u00bfNECESITAS ALGO M\u00c1S?<\/p>\n","protected":false},"author":1,"featured_media":0,"parent":0,"menu_order":0,"comment_status":"closed","ping_status":"closed","template":"","meta":{"footnotes":""},"class_list":{"0":"post-1822","1":"page","2":"type-page","3":"status-publish","5":"infinite-scroll-item"},"_links":{"self":[{"href":"https:\/\/alceacerosyestructuras.es\/index.php\/wp-json\/wp\/v2\/pages\/1822","targetHints":{"allow":["GET"]}}],"collection":[{"href":"https:\/\/alceacerosyestructuras.es\/index.php\/wp-json\/wp\/v2\/pages"}],"about":[{"href":"https:\/\/alceacerosyestructuras.es\/index.php\/wp-json\/wp\/v2\/types\/page"}],"author":[{"embeddable":true,"href":"https:\/\/alceacerosyestructuras.es\/index.php\/wp-json\/wp\/v2\/users\/1"}],"replies":[{"embeddable":true,"href":"https:\/\/alceacerosyestructuras.es\/index.php\/wp-json\/wp\/v2\/comments?post=1822"}],"version-history":[{"count":294,"href":"https:\/\/alceacerosyestructuras.es\/index.php\/wp-json\/wp\/v2\/pages\/1822\/revisions"}],"predecessor-version":[{"id":3541,"href":"https:\/\/alceacerosyestructuras.es\/index.php\/wp-json\/wp\/v2\/pages\/1822\/revisions\/3541"}],"wp:attachment":[{"href":"https:\/\/alceacerosyestructuras.es\/index.php\/wp-json\/wp\/v2\/media?parent=1822"}],"curies":[{"name":"wp","href":"https:\/\/api.w.org\/{rel}","templated":true}]}}