{"id":2158,"date":"2020-03-10T18:44:17","date_gmt":"2020-03-10T18:44:17","guid":{"rendered":"http:\/\/alceacerosyestructuras.es\/?page_id=2158"},"modified":"2020-05-29T08:41:49","modified_gmt":"2020-05-29T08:41:49","slug":"sobre-nosotros-2","status":"publish","type":"page","link":"https:\/\/alceacerosyestructuras.es\/index.php\/sobre-nosotros-2\/","title":{"rendered":"Sobre nosotros"},"content":{"rendered":"<h1 style=\"text-align: center;\"><div class=\"eds-animate edsanimate-sis-hidden \" data-eds-entry-animation=\"fadeInDown\" data-eds-entry-delay=\"0\" data-eds-entry-duration=\"1.5\" data-eds-entry-timing=\"cubic-bezier(0.47, 0, 0.745, 0.715)\" data-eds-exit-animation=\"\" data-eds-exit-delay=\"\" data-eds-exit-duration=\"\" data-eds-exit-timing=\"\" data-eds-repeat-count=\"1\" data-eds-keep=\"yes\" data-eds-animate-on=\"scroll\" data-eds-scroll-offset=\"75\">NUESTRA EMPRESA<\/div><\/h1>\n<div class=\"eds-animate edsanimate-sis-hidden \" data-eds-entry-animation=\"fadeInRight\" data-eds-entry-delay=\"0\" data-eds-entry-duration=\"1.5\" data-eds-entry-timing=\"cubic-bezier(0.47, 0, 0.745, 0.715)\" data-eds-exit-animation=\"\" data-eds-exit-delay=\"\" data-eds-exit-duration=\"\" data-eds-exit-timing=\"\" data-eds-repeat-count=\"1\" data-eds-keep=\"yes\" data-eds-animate-on=\"scroll\" data-eds-scroll-offset=\"75\">\n<p style=\"text-align: justify;\">Somos un equipo de profesionales dedicados a la construcci\u00f3n de naves y estructuras met\u00e1licas. Nuestros a\u00f1os de experiencia en el sector del metal nos llevaron a iniciar este proyecto para ofrecer un servicio especializado a nuestros clientes, utilizando siempre los mejores materiales y realizando perfectos acabados.<\/p>\n<p style=\"text-align: justify;\">En el a\u00f1o 2015, despu\u00e9s de a\u00f1os trabajando en el mundo de las estructuras met\u00e1licas, decidimos unir fuerzas para fundar ALCE, ofreciendo una amplia variedad de servicios. Somos especialistas en la construcci\u00f3n de naves para cultivo de champi\u00f1\u00f3n, naves av\u00edcolas, naves agr\u00edcolas y naves industriales.<\/p>\n<p style=\"text-align: justify;\">Entre nuestros servicios ofrecemos mantenimiento para industrias vin\u00edcolas, asesorando para el correcto funcionamiento de las instalaciones. Tambi\u00e9n somos especialistas en el montaje de panel sandwich, as\u00ed como, en la construcci\u00f3n y montaje de estructuras met\u00e1licas y cubiertas, adapt\u00e1ndonos siempre a la necesidad de cada cliente.<\/p>\n<p style=\"text-align: justify;\">Una de nuestras \u00e1reas de trabajo es el \u00e1cero inoxidable, el cual utilizamos para proyectos industriales y decorativos, como son nuestras barandillas de interior y exterior.<\/div><\/p>\n<h1 style=\"text-align: center;\"><div class=\"eds-animate edsanimate-sis-hidden \" data-eds-entry-animation=\"fadeInDown\" data-eds-entry-delay=\"0\" data-eds-entry-duration=\"1.5\" data-eds-entry-timing=\"cubic-bezier(0.47, 0, 0.745, 0.715)\" data-eds-exit-animation=\"\" data-eds-exit-delay=\"\" data-eds-exit-duration=\"\" data-eds-exit-timing=\"\" data-eds-repeat-count=\"1\" data-eds-keep=\"yes\" data-eds-animate-on=\"scroll\" data-eds-scroll-offset=\"75\"><span style=\"color: #ffffff;\">A\u00d1OS DE EXPERIENCIA EN EL S\u00c9CTOR DEL METAL<\/span><\/div><\/h1>\n<p>&nbsp;<\/p>\n<h4 style=\"text-align: center;\">La mejor forma de conocer nuestro trabajo es verlo<\/h4>\n<p style=\"text-align: center;\">Pincha aqu\u00ed para ver nuestras naves y construcciones.<\/p>\n<p style=\"text-align: center;\"><a class=\"button\" href=\"http:\/\/alceacerosyestructuras.es\/index.php\/blog\/\">Nuestros Trabajos<\/a><\/p>\n","protected":false},"excerpt":{"rendered":"<p>NUESTRA EMPRESA Somos un equipo de profesionales dedicados a la construcci\u00f3n de naves y estructuras met\u00e1licas. Nuestros a\u00f1os de experiencia en el sector del metal nos llevaron a iniciar este proyecto para ofrecer un servicio especializado a nuestros clientes, utilizando siempre los mejores materiales y realizando perfectos acabados. En el a\u00f1o 2015, despu\u00e9s de a\u00f1os &#8230; <a title=\"Sobre nosotros\" class=\"read-more\" href=\"https:\/\/alceacerosyestructuras.es\/index.php\/sobre-nosotros-2\/\" aria-label=\"M\u00e1s en Sobre nosotros\">Read More<\/a><\/p>\n","protected":false},"author":1,"featured_media":0,"parent":0,"menu_order":0,"comment_status":"closed","ping_status":"closed","template":"","meta":{"footnotes":""},"class_list":{"0":"post-2158","1":"page","2":"type-page","3":"status-publish","5":"infinite-scroll-item"},"_links":{"self":[{"href":"https:\/\/alceacerosyestructuras.es\/index.php\/wp-json\/wp\/v2\/pages\/2158","targetHints":{"allow":["GET"]}}],"collection":[{"href":"https:\/\/alceacerosyestructuras.es\/index.php\/wp-json\/wp\/v2\/pages"}],"about":[{"href":"https:\/\/alceacerosyestructuras.es\/index.php\/wp-json\/wp\/v2\/types\/page"}],"author":[{"embeddable":true,"href":"https:\/\/alceacerosyestructuras.es\/index.php\/wp-json\/wp\/v2\/users\/1"}],"replies":[{"embeddable":true,"href":"https:\/\/alceacerosyestructuras.es\/index.php\/wp-json\/wp\/v2\/comments?post=2158"}],"version-history":[{"count":90,"href":"https:\/\/alceacerosyestructuras.es\/index.php\/wp-json\/wp\/v2\/pages\/2158\/revisions"}],"predecessor-version":[{"id":3256,"href":"https:\/\/alceacerosyestructuras.es\/index.php\/wp-json\/wp\/v2\/pages\/2158\/revisions\/3256"}],"wp:attachment":[{"href":"https:\/\/alceacerosyestructuras.es\/index.php\/wp-json\/wp\/v2\/media?parent=2158"}],"curies":[{"name":"wp","href":"https:\/\/api.w.org\/{rel}","templated":true}]}}