{"id":2161,"date":"2020-03-10T18:47:10","date_gmt":"2020-03-10T18:47:10","guid":{"rendered":"http:\/\/alceacerosyestructuras.es\/?page_id=2161"},"modified":"2020-04-21T11:32:22","modified_gmt":"2020-04-21T11:32:22","slug":"servicios","status":"publish","type":"page","link":"https:\/\/alceacerosyestructuras.es\/index.php\/servicios\/","title":{"rendered":"Servicios"},"content":{"rendered":"<h1 style=\"text-align: center;\"><div class=\"eds-animate edsanimate-sis-hidden \" data-eds-entry-animation=\"fadeInDown\" data-eds-entry-delay=\"0\" data-eds-entry-duration=\"1.5\" data-eds-entry-timing=\"cubic-bezier(0.47, 0, 0.745, 0.715)\" data-eds-exit-animation=\"\" data-eds-exit-delay=\"\" data-eds-exit-duration=\"\" data-eds-exit-timing=\"\" data-eds-repeat-count=\"1\" data-eds-keep=\"yes\" data-eds-animate-on=\"scroll\" data-eds-scroll-offset=\"75\">DESCUBRE TODOS NUESTROS SERVICIOS<\/div><\/h1>\n<p style=\"text-align: center;\"><div class=\"eds-animate edsanimate-sis-hidden \" data-eds-entry-animation=\"fadeInRight\" data-eds-entry-delay=\"0\" data-eds-entry-duration=\"1.5\" data-eds-entry-timing=\"cubic-bezier(0.47, 0, 0.745, 0.715)\" data-eds-exit-animation=\"\" data-eds-exit-delay=\"\" data-eds-exit-duration=\"\" data-eds-exit-timing=\"\" data-eds-repeat-count=\"1\" data-eds-keep=\"yes\" data-eds-animate-on=\"scroll\" data-eds-scroll-offset=\"75\"><\/p>\n<p style=\"text-align: center;\">Tenemos una amplia variedad de servicios a tu disposici\u00f3n. Realizamos mantenimiento en industrias vin\u00edcolas y llevamos a cabo la construcci\u00f3n y montaje de estructuras met\u00e1licas y cubiertas en cualquier espacio. Adem\u00e1s, somos especialistas en el montaje de panel sandwich y en la realizaci\u00f3n de trabajos industriales y decorativos de acero inoxidable. <\/div><\/p>\n<h1 style=\"text-align: center;\"><div class=\"eds-animate edsanimate-sis-hidden \" data-eds-entry-animation=\"fadeInDown\" data-eds-entry-delay=\"0\" data-eds-entry-duration=\"1.5\" data-eds-entry-timing=\"cubic-bezier(0.47, 0, 0.745, 0.715)\" data-eds-exit-animation=\"\" data-eds-exit-delay=\"\" data-eds-exit-duration=\"\" data-eds-exit-timing=\"\" data-eds-repeat-count=\"1\" data-eds-keep=\"yes\" data-eds-animate-on=\"scroll\" data-eds-scroll-offset=\"75\"><\/h1>\n<h1 style=\"text-align: center;\"><span style=\"color: #ffffff;\">CONSTRUCCI\u00d3N Y MONTAJE DE ESTRUCTURAS MET\u00c1LICAS Y CUBIERTAS<\/span><\/div><\/h1>\n<style type=\"text\/css\">\n#foogallery-gallery-2755.fg-justified .fg-item { margin-right: 20px; margin-bottom: 20px; }\n#foogallery-gallery-2755.fg-justified .fg-image { height: 250px; }<\/style>\n\t\t\t<div class=\"foogallery foogallery-container foogallery-justified foogallery-lightbox-foobox fg-justified fg-ready fg-light fg-loading-partial fg-loaded-fade-in fg-hover-scale fg-caption-hover fg-hover-slide-up fg-hover-zoom\" id=\"foogallery-gallery-2755\" data-foogallery=\"{&quot;item&quot;:{&quot;showCaptionTitle&quot;:false,&quot;showCaptionDescription&quot;:true},&quot;lazy&quot;:true,&quot;template&quot;:{&quot;rowHeight&quot;:250,&quot;maxRowHeight&quot;:500,&quot;margins&quot;:20,&quot;align&quot;:&quot;center&quot;,&quot;lastRow&quot;:&quot;smart&quot;}}\" style=\"--fg-title-line-clamp: 0; --fg-description-line-clamp: 0;\" >\n\t<div class=\"fg-item fg-type-image fg-idle\"><figure class=\"fg-item-inner\"><a href=\"https:\/\/alceacerosyestructuras.es\/wp-content\/uploads\/2020\/04\/Cubiertas-y-estructuras-1.jpg\" data-caption-desc=\"Galer\u00eda Cubiertas y Estructuras\" data-attachment-id=\"2756\" data-type=\"image\" class=\"fg-thumb\"><span class=\"fg-image-wrap\"><img fetchpriority=\"high\" decoding=\"async\" height=\"500\" width=\"281\" class=\"skip-lazy fg-image\" data-src-fg=\"https:\/\/alceacerosyestructuras.es\/wp-content\/uploads\/cache\/2020\/04\/Cubiertas-y-estructuras-1\/2558723515.jpg\" src=\"data:image\/svg+xml,%3Csvg%20xmlns%3D%22http%3A%2F%2Fwww.w3.org%2F2000%2Fsvg%22%20width%3D%22281%22%20height%3D%22500%22%20viewBox%3D%220%200%20281%20500%22%3E%3C%2Fsvg%3E\" loading=\"eager\"><\/span><span class=\"fg-image-overlay\"><\/span><\/a><figcaption class=\"fg-caption\"><div class=\"fg-caption-inner\"><div class=\"fg-caption-desc\">Galer\u00eda Cubiertas y Estructuras<\/div><\/div><\/figcaption><\/figure><div class=\"fg-loader\"><\/div><\/div><div class=\"fg-item fg-type-image fg-idle\"><figure class=\"fg-item-inner\"><a href=\"https:\/\/alceacerosyestructuras.es\/wp-content\/uploads\/2020\/04\/Cubiertas-y-estructuras-2.jpg\" data-caption-desc=\"Galer\u00eda Cubiertas y Estructuras\" data-attachment-id=\"2757\" data-type=\"image\" class=\"fg-thumb\"><span class=\"fg-image-wrap\"><img decoding=\"async\" height=\"500\" width=\"667\" class=\"skip-lazy fg-image\" data-src-fg=\"https:\/\/alceacerosyestructuras.es\/wp-content\/uploads\/cache\/2020\/04\/Cubiertas-y-estructuras-2\/2334888315.jpg\" src=\"data:image\/svg+xml,%3Csvg%20xmlns%3D%22http%3A%2F%2Fwww.w3.org%2F2000%2Fsvg%22%20width%3D%22667%22%20height%3D%22500%22%20viewBox%3D%220%200%20667%20500%22%3E%3C%2Fsvg%3E\" loading=\"eager\"><\/span><span class=\"fg-image-overlay\"><\/span><\/a><figcaption class=\"fg-caption\"><div class=\"fg-caption-inner\"><div class=\"fg-caption-desc\">Galer\u00eda Cubiertas y Estructuras<\/div><\/div><\/figcaption><\/figure><div class=\"fg-loader\"><\/div><\/div><div class=\"fg-item fg-type-image fg-idle\"><figure class=\"fg-item-inner\"><a href=\"https:\/\/alceacerosyestructuras.es\/wp-content\/uploads\/2020\/04\/Cubiertas-y-estructuras-3.jpg\" data-caption-desc=\"Galer\u00eda Cubiertas y Estructuras\" data-attachment-id=\"2758\" data-type=\"image\" class=\"fg-thumb\"><span class=\"fg-image-wrap\"><img decoding=\"async\" height=\"500\" width=\"281\" class=\"skip-lazy fg-image\" data-src-fg=\"https:\/\/alceacerosyestructuras.es\/wp-content\/uploads\/cache\/2020\/04\/Cubiertas-y-estructuras-3\/277866512.jpg\" src=\"data:image\/svg+xml,%3Csvg%20xmlns%3D%22http%3A%2F%2Fwww.w3.org%2F2000%2Fsvg%22%20width%3D%22281%22%20height%3D%22500%22%20viewBox%3D%220%200%20281%20500%22%3E%3C%2Fsvg%3E\" loading=\"eager\"><\/span><span class=\"fg-image-overlay\"><\/span><\/a><figcaption class=\"fg-caption\"><div class=\"fg-caption-inner\"><div class=\"fg-caption-desc\">Galer\u00eda Cubiertas y Estructuras<\/div><\/div><\/figcaption><\/figure><div class=\"fg-loader\"><\/div><\/div><div class=\"fg-item fg-type-image fg-idle\"><figure class=\"fg-item-inner\"><a href=\"https:\/\/alceacerosyestructuras.es\/wp-content\/uploads\/2020\/04\/Cubiertas-y-estructuras-4.jpg\" data-caption-desc=\"Galer\u00eda Cubiertas y Estructuras\" data-attachment-id=\"2759\" data-type=\"image\" class=\"fg-thumb\"><span class=\"fg-image-wrap\"><img decoding=\"async\" height=\"500\" width=\"889\" class=\"skip-lazy fg-image\" data-src-fg=\"https:\/\/alceacerosyestructuras.es\/wp-content\/uploads\/cache\/2020\/04\/Cubiertas-y-estructuras-4\/2272096810.jpg\" src=\"data:image\/svg+xml,%3Csvg%20xmlns%3D%22http%3A%2F%2Fwww.w3.org%2F2000%2Fsvg%22%20width%3D%22889%22%20height%3D%22500%22%20viewBox%3D%220%200%20889%20500%22%3E%3C%2Fsvg%3E\" loading=\"eager\"><\/span><span class=\"fg-image-overlay\"><\/span><\/a><figcaption class=\"fg-caption\"><div class=\"fg-caption-inner\"><div class=\"fg-caption-desc\">Galer\u00eda Cubiertas y Estructuras<\/div><\/div><\/figcaption><\/figure><div class=\"fg-loader\"><\/div><\/div><div class=\"fg-item fg-type-image fg-idle\"><figure class=\"fg-item-inner\"><a href=\"https:\/\/alceacerosyestructuras.es\/wp-content\/uploads\/2020\/04\/Cubiertas-y-estructuras-5.jpg\" data-caption-desc=\"Galer\u00eda Cubiertas y Estructuras\" data-attachment-id=\"2760\" data-type=\"image\" class=\"fg-thumb\"><span class=\"fg-image-wrap\"><img decoding=\"async\" height=\"500\" width=\"667\" class=\"skip-lazy fg-image\" data-src-fg=\"https:\/\/alceacerosyestructuras.es\/wp-content\/uploads\/cache\/2020\/04\/Cubiertas-y-estructuras-5\/3632631915.jpg\" src=\"data:image\/svg+xml,%3Csvg%20xmlns%3D%22http%3A%2F%2Fwww.w3.org%2F2000%2Fsvg%22%20width%3D%22667%22%20height%3D%22500%22%20viewBox%3D%220%200%20667%20500%22%3E%3C%2Fsvg%3E\" loading=\"eager\"><\/span><span class=\"fg-image-overlay\"><\/span><\/a><figcaption class=\"fg-caption\"><div class=\"fg-caption-inner\"><div class=\"fg-caption-desc\">Galer\u00eda Cubiertas y Estructuras<\/div><\/div><\/figcaption><\/figure><div class=\"fg-loader\"><\/div><\/div><div class=\"fg-item fg-type-image fg-idle\"><figure class=\"fg-item-inner\"><a href=\"https:\/\/alceacerosyestructuras.es\/wp-content\/uploads\/2020\/04\/Cubiertas-y-estructuras-6.jpg\" data-caption-desc=\"Galer\u00eda Cubiertas y Estructuras\" data-attachment-id=\"2761\" data-type=\"image\" class=\"fg-thumb\"><span class=\"fg-image-wrap\"><img decoding=\"async\" height=\"500\" width=\"667\" class=\"skip-lazy fg-image\" data-src-fg=\"https:\/\/alceacerosyestructuras.es\/wp-content\/uploads\/cache\/2020\/04\/Cubiertas-y-estructuras-6\/3408725163.jpg\" src=\"data:image\/svg+xml,%3Csvg%20xmlns%3D%22http%3A%2F%2Fwww.w3.org%2F2000%2Fsvg%22%20width%3D%22667%22%20height%3D%22500%22%20viewBox%3D%220%200%20667%20500%22%3E%3C%2Fsvg%3E\" loading=\"eager\"><\/span><span class=\"fg-image-overlay\"><\/span><\/a><figcaption class=\"fg-caption\"><div class=\"fg-caption-inner\"><div class=\"fg-caption-desc\">Galer\u00eda Cubiertas y Estructuras<\/div><\/div><\/figcaption><\/figure><div class=\"fg-loader\"><\/div><\/div><\/div>\n\n<h1 style=\"text-align: center;\"><div class=\"eds-animate edsanimate-sis-hidden \" data-eds-entry-animation=\"fadeInDown\" data-eds-entry-delay=\"0\" data-eds-entry-duration=\"1.5\" data-eds-entry-timing=\"cubic-bezier(0.47, 0, 0.745, 0.715)\" data-eds-exit-animation=\"\" data-eds-exit-delay=\"\" data-eds-exit-duration=\"\" data-eds-exit-timing=\"\" data-eds-repeat-count=\"1\" data-eds-keep=\"yes\" data-eds-animate-on=\"scroll\" data-eds-scroll-offset=\"75\"><span style=\"color: #ffffff;\">TRABAJOS INDUSTRIALES Y DECORATIVOS DE ACERO INOXIDABLE<\/span><\/div><\/h1>\n<style type=\"text\/css\">\n#foogallery-gallery-2786.fg-justified .fg-item { margin-right: 20px; margin-bottom: 20px; }\n#foogallery-gallery-2786.fg-justified .fg-image { height: 250px; }<\/style>\n\t\t\t<div class=\"foogallery foogallery-container foogallery-justified foogallery-lightbox-foobox fg-justified fg-ready fg-light fg-loading-partial fg-loaded-fade-in fg-hover-scale fg-caption-hover fg-hover-slide-up fg-hover-zoom\" id=\"foogallery-gallery-2786\" data-foogallery=\"{&quot;item&quot;:{&quot;showCaptionTitle&quot;:false,&quot;showCaptionDescription&quot;:true},&quot;lazy&quot;:true,&quot;template&quot;:{&quot;rowHeight&quot;:250,&quot;maxRowHeight&quot;:1250,&quot;margins&quot;:20,&quot;align&quot;:&quot;center&quot;,&quot;lastRow&quot;:&quot;smart&quot;}}\" style=\"--fg-title-line-clamp: 0; --fg-description-line-clamp: 0;\" >\n\t<div class=\"fg-item fg-type-image fg-idle\"><figure class=\"fg-item-inner\"><a href=\"https:\/\/alceacerosyestructuras.es\/wp-content\/uploads\/2020\/04\/Barandillas-1.jpg\" data-caption-desc=\"Galer\u00eda Barandillas\" data-attachment-id=\"2787\" data-type=\"image\" class=\"fg-thumb\"><span class=\"fg-image-wrap\"><img decoding=\"async\" height=\"1250\" width=\"703\" class=\"skip-lazy fg-image\" data-src-fg=\"https:\/\/alceacerosyestructuras.es\/wp-content\/uploads\/cache\/2020\/04\/Barandillas-1\/1782019940.jpg\" src=\"data:image\/svg+xml,%3Csvg%20xmlns%3D%22http%3A%2F%2Fwww.w3.org%2F2000%2Fsvg%22%20width%3D%22703%22%20height%3D%221250%22%20viewBox%3D%220%200%20703%201250%22%3E%3C%2Fsvg%3E\" loading=\"eager\"><\/span><span class=\"fg-image-overlay\"><\/span><\/a><figcaption class=\"fg-caption\"><div class=\"fg-caption-inner\"><div class=\"fg-caption-desc\">Galer\u00eda Barandillas<\/div><\/div><\/figcaption><\/figure><div class=\"fg-loader\"><\/div><\/div><div class=\"fg-item fg-type-image fg-idle\"><figure class=\"fg-item-inner\"><a href=\"https:\/\/alceacerosyestructuras.es\/wp-content\/uploads\/2020\/04\/Barandillas-2.jpg\" data-caption-desc=\"Galer\u00eda Barandillas\" data-attachment-id=\"2788\" data-type=\"image\" class=\"fg-thumb\"><span class=\"fg-image-wrap\"><img decoding=\"async\" height=\"1250\" width=\"1667\" class=\"skip-lazy fg-image\" data-src-fg=\"https:\/\/alceacerosyestructuras.es\/wp-content\/uploads\/cache\/2020\/04\/Barandillas-2\/3723264348.jpg\" src=\"data:image\/svg+xml,%3Csvg%20xmlns%3D%22http%3A%2F%2Fwww.w3.org%2F2000%2Fsvg%22%20width%3D%221667%22%20height%3D%221250%22%20viewBox%3D%220%200%201667%201250%22%3E%3C%2Fsvg%3E\" loading=\"eager\"><\/span><span class=\"fg-image-overlay\"><\/span><\/a><figcaption class=\"fg-caption\"><div class=\"fg-caption-inner\"><div class=\"fg-caption-desc\">Galer\u00eda Barandillas<\/div><\/div><\/figcaption><\/figure><div class=\"fg-loader\"><\/div><\/div><div class=\"fg-item fg-type-image fg-idle\"><figure class=\"fg-item-inner\"><a href=\"https:\/\/alceacerosyestructuras.es\/wp-content\/uploads\/2020\/04\/Barandillas-3.jpg\" data-caption-desc=\"Galer\u00eda Barandillas\" data-attachment-id=\"2789\" data-type=\"image\" class=\"fg-thumb\"><span class=\"fg-image-wrap\"><img decoding=\"async\" height=\"1250\" width=\"703\" class=\"skip-lazy fg-image\" data-src-fg=\"https:\/\/alceacerosyestructuras.es\/wp-content\/uploads\/cache\/2020\/04\/Barandillas-3\/3470193749.jpg\" src=\"data:image\/svg+xml,%3Csvg%20xmlns%3D%22http%3A%2F%2Fwww.w3.org%2F2000%2Fsvg%22%20width%3D%22703%22%20height%3D%221250%22%20viewBox%3D%220%200%20703%201250%22%3E%3C%2Fsvg%3E\" loading=\"eager\"><\/span><span class=\"fg-image-overlay\"><\/span><\/a><figcaption class=\"fg-caption\"><div class=\"fg-caption-inner\"><div class=\"fg-caption-desc\">Galer\u00eda Barandillas<\/div><\/div><\/figcaption><\/figure><div class=\"fg-loader\"><\/div><\/div><div class=\"fg-item fg-type-image fg-idle\"><figure class=\"fg-item-inner\"><a href=\"https:\/\/alceacerosyestructuras.es\/wp-content\/uploads\/2020\/04\/Barandillas-5.jpg\" data-caption-desc=\"Galer\u00eda Barandillas\" data-attachment-id=\"2791\" data-type=\"image\" class=\"fg-thumb\"><span class=\"fg-image-wrap\"><img decoding=\"async\" height=\"1250\" width=\"703\" class=\"skip-lazy fg-image\" data-src-fg=\"https:\/\/alceacerosyestructuras.es\/wp-content\/uploads\/cache\/2020\/04\/Barandillas-5\/742119613.jpg\" src=\"data:image\/svg+xml,%3Csvg%20xmlns%3D%22http%3A%2F%2Fwww.w3.org%2F2000%2Fsvg%22%20width%3D%22703%22%20height%3D%221250%22%20viewBox%3D%220%200%20703%201250%22%3E%3C%2Fsvg%3E\" loading=\"eager\"><\/span><span class=\"fg-image-overlay\"><\/span><\/a><figcaption class=\"fg-caption\"><div class=\"fg-caption-inner\"><div class=\"fg-caption-desc\">Galer\u00eda Barandillas<\/div><\/div><\/figcaption><\/figure><div class=\"fg-loader\"><\/div><\/div><div class=\"fg-item fg-type-image fg-idle\"><figure class=\"fg-item-inner\"><a href=\"https:\/\/alceacerosyestructuras.es\/wp-content\/uploads\/2020\/04\/Barandillas-4.jpg\" data-caption-desc=\"Galer\u00eda Barandillas\" data-attachment-id=\"2790\" data-type=\"image\" class=\"fg-thumb\"><span class=\"fg-image-wrap\"><img decoding=\"async\" height=\"1250\" width=\"2222.2222222222\" class=\"skip-lazy fg-image\" data-src-fg=\"https:\/\/alceacerosyestructuras.es\/wp-content\/uploads\/2020\/04\/Barandillas-4.jpg\" src=\"data:image\/svg+xml,%3Csvg%20xmlns%3D%22http%3A%2F%2Fwww.w3.org%2F2000%2Fsvg%22%20width%3D%222222.2222222222%22%20height%3D%221250%22%20viewBox%3D%220%200%202222.2222222222%201250%22%3E%3C%2Fsvg%3E\" loading=\"eager\"><\/span><span class=\"fg-image-overlay\"><\/span><\/a><figcaption class=\"fg-caption\"><div class=\"fg-caption-inner\"><div class=\"fg-caption-desc\">Galer\u00eda Barandillas<\/div><\/div><\/figcaption><\/figure><div class=\"fg-loader\"><\/div><\/div><div class=\"fg-item fg-type-image fg-idle\"><figure class=\"fg-item-inner\"><a href=\"https:\/\/alceacerosyestructuras.es\/wp-content\/uploads\/2020\/04\/Barandillas-6-1-scaled.jpg\" data-caption-desc=\"Galer\u00eda Barandillas\" data-attachment-id=\"2796\" data-type=\"image\" class=\"fg-thumb\"><span class=\"fg-image-wrap\"><img decoding=\"async\" height=\"1250\" width=\"686\" class=\"skip-lazy fg-image\" data-src-fg=\"https:\/\/alceacerosyestructuras.es\/wp-content\/uploads\/cache\/2020\/04\/Barandillas-6-1-scaled\/1821907005.jpg\" src=\"data:image\/svg+xml,%3Csvg%20xmlns%3D%22http%3A%2F%2Fwww.w3.org%2F2000%2Fsvg%22%20width%3D%22686%22%20height%3D%221250%22%20viewBox%3D%220%200%20686%201250%22%3E%3C%2Fsvg%3E\" loading=\"eager\"><\/span><span class=\"fg-image-overlay\"><\/span><\/a><figcaption class=\"fg-caption\"><div class=\"fg-caption-inner\"><div class=\"fg-caption-desc\">Galer\u00eda Barandillas<\/div><\/div><\/figcaption><\/figure><div class=\"fg-loader\"><\/div><\/div><\/div>\n\n<p style=\"text-align: center;\"><a class=\"button\" href=\"http:\/\/alceacerosyestructuras.es\/index.php\/blog\/\">Ver m\u00e1s<\/a><\/p>\n","protected":false},"excerpt":{"rendered":"<p>DESCUBRE TODOS NUESTROS SERVICIOS Tenemos una amplia variedad de servicios a tu disposici\u00f3n. Realizamos mantenimiento en industrias vin\u00edcolas y llevamos a cabo la construcci\u00f3n y montaje de estructuras met\u00e1licas y cubiertas en cualquier espacio. Adem\u00e1s, somos especialistas en el montaje de panel sandwich y en la realizaci\u00f3n de trabajos industriales y decorativos de acero inoxidable. &#8230; <a title=\"Servicios\" class=\"read-more\" href=\"https:\/\/alceacerosyestructuras.es\/index.php\/servicios\/\" aria-label=\"M\u00e1s en Servicios\">Read More<\/a><\/p>\n","protected":false},"author":1,"featured_media":0,"parent":0,"menu_order":0,"comment_status":"closed","ping_status":"closed","template":"","meta":{"footnotes":""},"class_list":{"0":"post-2161","1":"page","2":"type-page","3":"status-publish","5":"infinite-scroll-item"},"_links":{"self":[{"href":"https:\/\/alceacerosyestructuras.es\/index.php\/wp-json\/wp\/v2\/pages\/2161","targetHints":{"allow":["GET"]}}],"collection":[{"href":"https:\/\/alceacerosyestructuras.es\/index.php\/wp-json\/wp\/v2\/pages"}],"about":[{"href":"https:\/\/alceacerosyestructuras.es\/index.php\/wp-json\/wp\/v2\/types\/page"}],"author":[{"embeddable":true,"href":"https:\/\/alceacerosyestructuras.es\/index.php\/wp-json\/wp\/v2\/users\/1"}],"replies":[{"embeddable":true,"href":"https:\/\/alceacerosyestructuras.es\/index.php\/wp-json\/wp\/v2\/comments?post=2161"}],"version-history":[{"count":58,"href":"https:\/\/alceacerosyestructuras.es\/index.php\/wp-json\/wp\/v2\/pages\/2161\/revisions"}],"predecessor-version":[{"id":3079,"href":"https:\/\/alceacerosyestructuras.es\/index.php\/wp-json\/wp\/v2\/pages\/2161\/revisions\/3079"}],"wp:attachment":[{"href":"https:\/\/alceacerosyestructuras.es\/index.php\/wp-json\/wp\/v2\/media?parent=2161"}],"curies":[{"name":"wp","href":"https:\/\/api.w.org\/{rel}","templated":true}]}}