{"id":2164,"date":"2020-03-10T18:49:21","date_gmt":"2020-03-10T18:49:21","guid":{"rendered":"http:\/\/alceacerosyestructuras.es\/?page_id=2164"},"modified":"2022-03-25T19:34:28","modified_gmt":"2022-03-25T19:34:28","slug":"contacto","status":"publish","type":"page","link":"https:\/\/alceacerosyestructuras.es\/index.php\/contacto\/","title":{"rendered":"Contacto"},"content":{"rendered":"<h1 style=\"text-align: center;\"><div class=\"eds-animate edsanimate-sis-hidden \" data-eds-entry-animation=\"fadeInDown\" data-eds-entry-delay=\"0\" data-eds-entry-duration=\"1.5\" data-eds-entry-timing=\"cubic-bezier(0.47, 0, 0.745, 0.715)\" data-eds-exit-animation=\"\" data-eds-exit-delay=\"\" data-eds-exit-duration=\"\" data-eds-exit-timing=\"\" data-eds-repeat-count=\"1\" data-eds-keep=\"yes\" data-eds-animate-on=\"scroll\" data-eds-scroll-offset=\"75\">CONT\u00c1CTANOS<\/div><\/h1>\n<div  class=\"lgc-column lgc-grid-parent lgc-grid-50 lgc-tablet-grid-100 lgc-mobile-grid-100 lgc-equal-heights \"><div  class=\"inside-grid-column\">\n<p><div class=\"eds-animate  \" data-eds-entry-animation=\"bounce\" data-eds-entry-delay=\"0\" data-eds-entry-duration=\"2.5\" data-eds-entry-timing=\"linear\" data-eds-exit-animation=\"\" data-eds-exit-delay=\"\" data-eds-exit-duration=\"\" data-eds-exit-timing=\"\" data-eds-repeat-count=\"1\" data-eds-keep=\"yes\" data-eds-animate-on=\"load\" data-eds-scroll-offset=\"\"><img loading=\"lazy\" decoding=\"async\" class=\"aligncenter wp-image-2263 size-thumbnail\" src=\"http:\/\/alceacerosyestructuras.es\/wp-content\/uploads\/2020\/03\/Icon_Info-150x150.png\" alt=\"\" width=\"150\" height=\"150\" srcset=\"https:\/\/alceacerosyestructuras.es\/wp-content\/uploads\/2020\/03\/Icon_Info-150x150.png 150w, https:\/\/alceacerosyestructuras.es\/wp-content\/uploads\/2020\/03\/Icon_Info.png 200w\" sizes=\"auto, (max-width: 150px) 100vw, 150px\" \/><\/div><\/p>\n<h2 style=\"text-align: center;\">607 282 668 \/ 658 812 925<\/h2>\n<h4 style=\"text-align: center;\">P\u00cdDENOS INFORMACI\u00d3N SIN COMPROMISO<\/h4>\n<p><\/p><\/div>\n<p><\/p><\/div>\n<div  class=\"lgc-column lgc-grid-parent lgc-grid-50 lgc-tablet-grid-100 lgc-mobile-grid-100 lgc-equal-heights \"><div  class=\"inside-grid-column\">\n<p><div class=\"eds-animate  \" data-eds-entry-animation=\"bounce\" data-eds-entry-delay=\"0\" data-eds-entry-duration=\"2.5\" data-eds-entry-timing=\"linear\" data-eds-exit-animation=\"\" data-eds-exit-delay=\"\" data-eds-exit-duration=\"\" data-eds-exit-timing=\"\" data-eds-repeat-count=\"1\" data-eds-keep=\"yes\" data-eds-animate-on=\"load\" data-eds-scroll-offset=\"\"><img loading=\"lazy\" decoding=\"async\" class=\"aligncenter wp-image-2239 size-thumbnail\" src=\"http:\/\/alceacerosyestructuras.es\/wp-content\/uploads\/2020\/03\/Icon_Mail-150x150.png\" alt=\"\" width=\"150\" height=\"150\" srcset=\"https:\/\/alceacerosyestructuras.es\/wp-content\/uploads\/2020\/03\/Icon_Mail-150x150.png 150w, https:\/\/alceacerosyestructuras.es\/wp-content\/uploads\/2020\/03\/Icon_Mail.png 200w\" sizes=\"auto, (max-width: 150px) 100vw, 150px\" \/><\/div><\/p>\n<h2 style=\"text-align: center;\">alceaceros@gmail.com<\/h2>\n<h4 style=\"text-align: center;\">CONT\u00c1CTANOS POR CORREO<\/h4>\n<p><\/p><\/div>\n<p><\/p><\/div>\n<h1 style=\"text-align: center;\"><div class=\"eds-animate edsanimate-sis-hidden \" data-eds-entry-animation=\"fadeInDown\" data-eds-entry-delay=\"0\" data-eds-entry-duration=\"1.5\" data-eds-entry-timing=\"cubic-bezier(0.47, 0, 0.745, 0.715)\" data-eds-exit-animation=\"\" data-eds-exit-delay=\"\" data-eds-exit-duration=\"\" data-eds-exit-timing=\"\" data-eds-repeat-count=\"1\" data-eds-keep=\"yes\" data-eds-animate-on=\"scroll\" data-eds-scroll-offset=\"75\">ENV\u00cdANOS TU CONSULTA O VIS\u00cdTANOS<\/div><\/h1>\n<p style=\"text-align: justify;\"><div  class=\"lgc-column lgc-grid-parent lgc-grid-50 lgc-tablet-grid-100 lgc-mobile-grid-100 lgc-equal-heights \"><div  class=\"inside-grid-column\">\n<div class=\"wpcf7 no-js\" id=\"wpcf7-f2309-o1\" lang=\"es-ES\" dir=\"ltr\" data-wpcf7-id=\"2309\">\n<div class=\"screen-reader-response\"><p role=\"status\" aria-live=\"polite\" aria-atomic=\"true\"><\/p> <ul><\/ul><\/div>\n<form action=\"\/index.php\/wp-json\/wp\/v2\/pages\/2164#wpcf7-f2309-o1\" method=\"post\" class=\"wpcf7-form init\" aria-label=\"Formulario de contacto\" novalidate=\"novalidate\" data-status=\"init\">\n<fieldset class=\"hidden-fields-container\"><input type=\"hidden\" name=\"_wpcf7\" value=\"2309\" \/><input type=\"hidden\" name=\"_wpcf7_version\" value=\"6.1.5\" \/><input type=\"hidden\" name=\"_wpcf7_locale\" value=\"es_ES\" \/><input type=\"hidden\" name=\"_wpcf7_unit_tag\" value=\"wpcf7-f2309-o1\" \/><input type=\"hidden\" name=\"_wpcf7_container_post\" value=\"0\" \/><input type=\"hidden\" name=\"_wpcf7_posted_data_hash\" value=\"\" \/>\n<\/fieldset>\n<p>Tu nombre (obligatorio)\n<\/p>\n<p><label><span class=\"wpcf7-form-control-wrap\" data-name=\"Nombre\"><input size=\"40\" maxlength=\"400\" class=\"wpcf7-form-control wpcf7-text wpcf7-validates-as-required\" aria-required=\"true\" aria-invalid=\"false\" value=\"\" type=\"text\" name=\"Nombre\" \/><\/span> <\/label>\n<\/p>\n<p>Tu correo electr\u00f3nico (obligatorio)\n<\/p>\n<p><label> <span class=\"wpcf7-form-control-wrap\" data-name=\"e-mail\"><input size=\"40\" maxlength=\"400\" class=\"wpcf7-form-control wpcf7-email wpcf7-validates-as-required wpcf7-text wpcf7-validates-as-email\" aria-required=\"true\" aria-invalid=\"false\" value=\"\" type=\"email\" name=\"e-mail\" \/><\/span> <\/label>\n<\/p>\n<p>Asunto\n<\/p>\n<p><label><span class=\"wpcf7-form-control-wrap\" data-name=\"Asunto\"><input size=\"40\" maxlength=\"400\" class=\"wpcf7-form-control wpcf7-text wpcf7-validates-as-required\" aria-required=\"true\" aria-invalid=\"false\" value=\"\" type=\"text\" name=\"Asunto\" \/><\/span> <\/label>\n<\/p>\n<p>Mensaje\n<\/p>\n<p><label><span class=\"wpcf7-form-control-wrap\" data-name=\"Mensaje\"><textarea cols=\"40\" rows=\"10\" maxlength=\"2000\" class=\"wpcf7-form-control wpcf7-textarea wpcf7-validates-as-required\" aria-required=\"true\" aria-invalid=\"false\" name=\"Mensaje\"><\/textarea><\/span> <\/label><br \/>\n<label style=\"text-align: justify;\"><span class=\"wpcf7-form-control-wrap\" data-name=\"Privacidad\"><span class=\"wpcf7-form-control wpcf7-acceptance\"><span class=\"wpcf7-list-item\"><label><input type=\"checkbox\" name=\"Privacidad\" value=\"1\" aria-invalid=\"false\" \/><span class=\"wpcf7-list-item-label\"><strong> Pol\u00edtica de privacidad (obligatorio)<\/strong> En nombre de la empresa tratamos la informaci\u00f3n que nos facilita con el fin de gesti\u00f3n de los datos de los usuarios que comunican con la empresa a trav\u00e9s del sitio web. <a href=\"http:\/\/alceacerosyestructuras.es\/index.php\/legalidad\/\">Leer m\u00e1s...<\/a><\/span><\/label><\/span><\/span><\/span> <\/label><br \/>\n<label style=\"text-align: justify;\"><span class=\"wpcf7-form-control-wrap\" data-name=\"Comunicaciones\"><span class=\"wpcf7-form-control wpcf7-acceptance optional\"><span class=\"wpcf7-list-item\"><label><input type=\"checkbox\" name=\"Comunicaciones\" value=\"1\" aria-invalid=\"false\" \/><span class=\"wpcf7-list-item-label\"><strong>Comunicaciones Comerciales <\/strong> - Acepto que mis datos personales sean utilizados por la empresa con la finalidad del env\u00edo de comunicaciones publicitarias relacionadas con sus productos y servicios por cualquier medio (postal, email, tel\u00e9fono, etc.) as\u00ed como la invitaci\u00f3n a eventos organizados por la empresa. <a href=\"http:\/\/alceacerosyestructuras.es\/index.php\/legalidad\/\">Leer m\u00e1s...<\/a><\/span><\/label><\/span><\/span><\/span><\/label>\n<\/p>\n<p><input class=\"wpcf7-form-control wpcf7-submit has-spinner\" type=\"submit\" value=\"Enviar\" \/>\n<\/p><div class=\"wpcf7-response-output\" aria-hidden=\"true\"><\/div>\n<\/form>\n<\/div>\n<\/div><\/div>\n<div  class=\"lgc-column lgc-grid-parent lgc-grid-50 lgc-tablet-grid-100 lgc-mobile-grid-100 lgc-equal-heights \"><div  class=\"inside-grid-column\"><div class=\"eds-animate  \" data-eds-entry-animation=\"bounce\" data-eds-entry-delay=\"0\" data-eds-entry-duration=\"1.5\" data-eds-entry-timing=\"linear\" data-eds-exit-animation=\"\" data-eds-exit-delay=\"\" data-eds-exit-duration=\"\" data-eds-exit-timing=\"\" data-eds-repeat-count=\"1\" data-eds-keep=\"yes\" data-eds-animate-on=\"hover\" data-eds-scroll-offset=\"\"><img loading=\"lazy\" decoding=\"async\" class=\"aligncenter wp-image-2240 size-thumbnail\" src=\"http:\/\/alceacerosyestructuras.es\/wp-content\/uploads\/2020\/03\/Icon_Direcci\u00f3n-150x150.png\" alt=\"\" width=\"150\" height=\"150\" srcset=\"https:\/\/alceacerosyestructuras.es\/wp-content\/uploads\/2020\/03\/Icon_Direcci\u00f3n-150x150.png 150w, https:\/\/alceacerosyestructuras.es\/wp-content\/uploads\/2020\/03\/Icon_Direcci\u00f3n.png 200w\" sizes=\"auto, (max-width: 150px) 100vw, 150px\" \/>\n<p>&nbsp;<\/p>\n<h2 style=\"text-align: center;\">AVENIDA DE ALBACETE 44, VILLAMALEA<\/h2>\n<p><\/p><\/div>\n<p>&nbsp;<\/p>\n<p><iframe loading=\"lazy\" style=\"border: 2px;\" src=\"https:\/\/www.google.com\/maps\/embed?pb=!1m18!1m12!1m3!1d771.2304436611907!2d-1.604064170752674!3d39.35800803565919!2m3!1f0!2f0!3f0!3m2!1i1024!2i768!4f13.1!3m3!1m2!1s0x0%3A0x0!2zMznCsDIxJzI4LjgiTiAxwrAzNicxMi43Ilc!5e0!3m2!1ses!2ses!4v1582653576874!5m2!1ses!2ses\" width=\"600\" height=\"700\" frameborder=\"0\" allowfullscreen=\"allowfullscreen\"><\/iframe><\/p>\n<p><\/p><\/div><\/div>\n<p><a name=\"cv\"\/><\/p>\n<h1 style=\"text-align: center;\"><div class=\"eds-animate edsanimate-sis-hidden \" data-eds-entry-animation=\"fadeInDown\" data-eds-entry-delay=\"0\" data-eds-entry-duration=\"1.5\" data-eds-entry-timing=\"cubic-bezier(0.47, 0, 0.745, 0.715)\" data-eds-exit-animation=\"\" data-eds-exit-delay=\"\" data-eds-exit-duration=\"\" data-eds-exit-timing=\"\" data-eds-repeat-count=\"1\" data-eds-keep=\"yes\" data-eds-animate-on=\"scroll\" data-eds-scroll-offset=\"75\"><span style=\"color: #ffffff;\">\u00bfTE GUSTAR\u00cdA TRABAJAR CON NOSOTROS?<\/span><\/div><\/h1>\n<p style=\"text-align: justify;\"><div  class=\"lgc-column lgc-grid-parent lgc-grid-50 lgc-tablet-grid-100 lgc-mobile-grid-100 lgc-equal-heights \"><div  class=\"inside-grid-column\"><div class=\"eds-animate edsanimate-sis-hidden \" data-eds-entry-animation=\"fadeInLeft\" data-eds-entry-delay=\"0\" data-eds-entry-duration=\"1.5\" data-eds-entry-timing=\"cubic-bezier(0.47, 0, 0.745, 0.715)\" data-eds-exit-animation=\"\" data-eds-exit-delay=\"\" data-eds-exit-duration=\"\" data-eds-exit-timing=\"\" data-eds-repeat-count=\"1\" data-eds-keep=\"yes\" data-eds-animate-on=\"scroll\" data-eds-scroll-offset=\"75\">\n<p style=\"text-align: justify;\"><img loading=\"lazy\" decoding=\"async\" class=\"wp-image-2821 size-full aligncenter\" style=\"box-shadow: 3px 3px 14px 0px rgba(40, 41, 33, 0.61); -moz-box-shadow: 3px 3px 14px 0px rgba(40, 41, 33, 0.61); -webkit-box-shadow: 3px 3px 14px 0px rgba(40, 41, 33, 0.61);\" src=\"http:\/\/alceacerosyestructuras.es\/wp-content\/uploads\/2020\/04\/Slide_CV-1.jpg\" alt=\"\" width=\"510\" height=\"510\" srcset=\"https:\/\/alceacerosyestructuras.es\/wp-content\/uploads\/2020\/04\/Slide_CV-1.jpg 510w, https:\/\/alceacerosyestructuras.es\/wp-content\/uploads\/2020\/04\/Slide_CV-1-300x300.jpg 300w, https:\/\/alceacerosyestructuras.es\/wp-content\/uploads\/2020\/04\/Slide_CV-1-150x150.jpg 150w\" sizes=\"auto, (max-width: 510px) 100vw, 510px\" \/><\/p><\/div><\/div><\/div>\n<div  class=\"lgc-column lgc-grid-parent lgc-grid-50 lgc-tablet-grid-100 lgc-mobile-grid-100 lgc-equal-heights \"><div  class=\"inside-grid-column\">\n<div class=\"wpcf7 no-js\" id=\"wpcf7-f2392-o2\" lang=\"es-ES\" dir=\"ltr\" data-wpcf7-id=\"2392\">\n<div class=\"screen-reader-response\"><p role=\"status\" aria-live=\"polite\" aria-atomic=\"true\"><\/p> <ul><\/ul><\/div>\n<form action=\"\/index.php\/wp-json\/wp\/v2\/pages\/2164#wpcf7-f2392-o2\" method=\"post\" class=\"wpcf7-form init\" aria-label=\"Formulario de contacto\" enctype=\"multipart\/form-data\" novalidate=\"novalidate\" data-status=\"init\">\n<fieldset class=\"hidden-fields-container\"><input type=\"hidden\" name=\"_wpcf7\" value=\"2392\" \/><input type=\"hidden\" name=\"_wpcf7_version\" value=\"6.1.5\" \/><input type=\"hidden\" name=\"_wpcf7_locale\" value=\"es_ES\" \/><input type=\"hidden\" name=\"_wpcf7_unit_tag\" value=\"wpcf7-f2392-o2\" \/><input type=\"hidden\" name=\"_wpcf7_container_post\" value=\"0\" \/><input type=\"hidden\" name=\"_wpcf7_posted_data_hash\" value=\"\" \/>\n<\/fieldset>\n<p>Tu nombre (obligatorio)\n<\/p>\n<p><label><span class=\"wpcf7-form-control-wrap\" data-name=\"Nombre\"><input size=\"40\" maxlength=\"400\" class=\"wpcf7-form-control wpcf7-text wpcf7-validates-as-required\" aria-required=\"true\" aria-invalid=\"false\" value=\"\" type=\"text\" name=\"Nombre\" \/><\/span> <\/label>\n<\/p>\n<p>Tu correo electr\u00f3nico (obligatorio)\n<\/p>\n<p><label> <span class=\"wpcf7-form-control-wrap\" data-name=\"e-mail\"><input size=\"40\" maxlength=\"400\" class=\"wpcf7-form-control wpcf7-email wpcf7-validates-as-required wpcf7-text wpcf7-validates-as-email\" aria-required=\"true\" aria-invalid=\"false\" value=\"\" type=\"email\" name=\"e-mail\" \/><\/span> <\/label>\n<\/p>\n<p>M\u00e1ndanos tu CV <span class=\"wpcf7-form-control-wrap\" data-name=\"Archivoadjunto\"><input size=\"40\" class=\"wpcf7-form-control wpcf7-file\" accept=\".pdf\" aria-invalid=\"false\" type=\"file\" name=\"Archivoadjunto\" \/><\/span>\n<\/p>\n<p><label style=\"text-align: justify;\"><span class=\"wpcf7-form-control-wrap\" data-name=\"Privacidad\"><span class=\"wpcf7-form-control wpcf7-acceptance\"><span class=\"wpcf7-list-item\"><label><input type=\"checkbox\" name=\"Privacidad\" value=\"1\" aria-invalid=\"false\" \/><span class=\"wpcf7-list-item-label\"><strong> Pol\u00edtica de privacidad (obligatorio)<\/strong> En nombre de la empresa tratamos la informaci\u00f3n que nos facilita con el fin de gesti\u00f3n de los datos de los usuarios que comunican con la empresa a trav\u00e9s del sitio web. <a href=\"http:\/\/alceacerosyestructuras.es\/index.php\/legalidad\/\">Leer m\u00e1s...<\/a><\/span><\/label><\/span><\/span><\/span> <\/label><br \/>\n<input class=\"wpcf7-form-control wpcf7-submit has-spinner\" type=\"submit\" value=\"Enviar\" \/>\n<\/p><div class=\"wpcf7-response-output\" aria-hidden=\"true\"><\/div>\n<\/form>\n<\/div>\n<\/div><\/div>\n","protected":false},"excerpt":{"rendered":"<p>CONT\u00c1CTANOS ENV\u00cdANOS TU CONSULTA O VIS\u00cdTANOS \u00bfTE GUSTAR\u00cdA TRABAJAR CON NOSOTROS?<\/p>\n","protected":false},"author":1,"featured_media":0,"parent":0,"menu_order":0,"comment_status":"closed","ping_status":"closed","template":"","meta":{"footnotes":""},"class_list":{"0":"post-2164","1":"page","2":"type-page","3":"status-publish","5":"infinite-scroll-item"},"_links":{"self":[{"href":"https:\/\/alceacerosyestructuras.es\/index.php\/wp-json\/wp\/v2\/pages\/2164","targetHints":{"allow":["GET"]}}],"collection":[{"href":"https:\/\/alceacerosyestructuras.es\/index.php\/wp-json\/wp\/v2\/pages"}],"about":[{"href":"https:\/\/alceacerosyestructuras.es\/index.php\/wp-json\/wp\/v2\/types\/page"}],"author":[{"embeddable":true,"href":"https:\/\/alceacerosyestructuras.es\/index.php\/wp-json\/wp\/v2\/users\/1"}],"replies":[{"embeddable":true,"href":"https:\/\/alceacerosyestructuras.es\/index.php\/wp-json\/wp\/v2\/comments?post=2164"}],"version-history":[{"count":236,"href":"https:\/\/alceacerosyestructuras.es\/index.php\/wp-json\/wp\/v2\/pages\/2164\/revisions"}],"predecessor-version":[{"id":3545,"href":"https:\/\/alceacerosyestructuras.es\/index.php\/wp-json\/wp\/v2\/pages\/2164\/revisions\/3545"}],"wp:attachment":[{"href":"https:\/\/alceacerosyestructuras.es\/index.php\/wp-json\/wp\/v2\/media?parent=2164"}],"curies":[{"name":"wp","href":"https:\/\/api.w.org\/{rel}","templated":true}]}}