{"id":3447,"date":"2022-03-09T19:30:10","date_gmt":"2022-03-09T19:30:10","guid":{"rendered":"https:\/\/alceacerosyestructuras.es\/?page_id=3447"},"modified":"2022-03-25T19:03:22","modified_gmt":"2022-03-25T19:03:22","slug":"amianto","status":"publish","type":"page","link":"https:\/\/alceacerosyestructuras.es\/index.php\/amianto\/","title":{"rendered":"Amianto"},"content":{"rendered":"<h1 style=\"text-align: center;\"><div class=\"eds-animate edsanimate-sis-hidden \" data-eds-entry-animation=\"fadeInDown\" data-eds-entry-delay=\"0\" data-eds-entry-duration=\"1.5\" data-eds-entry-timing=\"cubic-bezier(0.47, 0, 0.745, 0.715)\" data-eds-exit-animation=\"\" data-eds-exit-delay=\"\" data-eds-exit-duration=\"\" data-eds-exit-timing=\"\" data-eds-repeat-count=\"1\" data-eds-keep=\"yes\" data-eds-animate-on=\"scroll\" data-eds-scroll-offset=\"75\">SERVICIO DE RETIRADA DE AMIANTO<\/div><\/h1>\n<div  class=\"lgc-column lgc-grid-parent lgc-grid-50 lgc-tablet-grid-50 lgc-mobile-grid-100 lgc-equal-heights \"><div  class=\"inside-grid-column\">\n<p><div class=\"eds-animate edsanimate-sis-hidden \" data-eds-entry-animation=\"fadeInLeft\" data-eds-entry-delay=\"0\" data-eds-entry-duration=\"1\" data-eds-entry-timing=\"ease-in\" data-eds-exit-animation=\"\" data-eds-exit-delay=\"\" data-eds-exit-duration=\"\" data-eds-exit-timing=\"\" data-eds-repeat-count=\"1\" data-eds-keep=\"yes\" data-eds-animate-on=\"load\" data-eds-scroll-offset=\"\"><img loading=\"lazy\" decoding=\"async\" class=\"alignnone wp-image-3238 size-full\" src=\"https:\/\/alceacerosyestructuras.es\/wp-content\/uploads\/2022\/03\/Introduccion_Amianto.png\" alt=\"\" width=\"800\" height=\"533\" \/><\/div><\/p>\n<p><\/p><\/div><\/div>\n<div  class=\"lgc-column lgc-grid-parent lgc-grid-50 lgc-tablet-grid-50 lgc-mobile-grid-100 lgc-equal-heights \"><div  class=\"inside-grid-column\"><div class=\"eds-animate edsanimate-sis-hidden \" data-eds-entry-animation=\"fadeInRight\" data-eds-entry-delay=\"0\" data-eds-entry-duration=\"1.5\" data-eds-entry-timing=\"cubic-bezier(0.47, 0, 0.745, 0.715)\" data-eds-exit-animation=\"\" data-eds-exit-delay=\"\" data-eds-exit-duration=\"\" data-eds-exit-timing=\"\" data-eds-repeat-count=\"1\" data-eds-keep=\"yes\" data-eds-animate-on=\"scroll\" data-eds-scroll-offset=\"75\">\n<h4>\u00a0<\/h4>\n<h4>Retirada de Amianto<\/h4>\n<p>El amianto es un <strong>mineral fibroso<\/strong>, tambi\u00e9n conocido popularmente como \u00ab<strong>uralita<\/strong>\u00ab.<\/p>\n<p>Su uso ha estado muy extendido dedido a su resistencia y a que puede ser un gran aislante t\u00e9rmico. Sin embargo, varios estudios han confirmado que la <strong>inhalaci\u00f3n de sus fibras puede conducir a varias afecciones pulmonares graves y a provocar c\u00e1ncer<\/strong>.<\/p>\n<p>Por todo ello <strong>la retirada del amianto debe realizarse con el equipo adecuado<\/strong> y exclusivamente por <strong>empresas autorizadas<\/strong>, como es el caso de<strong> Alce Aceros y Estructuras<\/strong>.<\/p>\n<p><\/p><\/div>\n<p><\/p><\/div><\/div><div class=\"lgc-clear\"><\/div>\n<h3 style=\"padding-top: 30px;\">\u00a0<\/h3>\n<h1 style=\"text-align: center;\"><div class=\"eds-animate edsanimate-sis-hidden \" data-eds-entry-animation=\"fadeInDown\" data-eds-entry-delay=\"0\" data-eds-entry-duration=\"1.5\" data-eds-entry-timing=\"cubic-bezier(0.47, 0, 0.745, 0.715)\" data-eds-exit-animation=\"\" data-eds-exit-delay=\"\" data-eds-exit-duration=\"\" data-eds-exit-timing=\"\" data-eds-repeat-count=\"1\" data-eds-keep=\"yes\" data-eds-animate-on=\"scroll\" data-eds-scroll-offset=\"75\"><span style=\"color: #ffffff;\">SOMOS ESPECIALISTAS EN EL PROCESO DE DESAMIANTADO<\/span><\/div><\/h1>\n<style type=\"text\/css\">\n#foogallery-gallery-3471.fg-justified .fg-item { margin-right: 20px; margin-bottom: 20px; }\n#foogallery-gallery-3471.fg-justified .fg-image { height: 250px; }<\/style>\n\t\t\t<div class=\"foogallery foogallery-container foogallery-justified foogallery-lightbox-foobox fg-justified fg-ready fg-light fg-loading-partial fg-loaded-fade-in fg-hover-scale fg-caption-hover fg-hover-slide-up\" id=\"foogallery-gallery-3471\" data-foogallery=\"{&quot;item&quot;:{&quot;showCaptionTitle&quot;:false,&quot;showCaptionDescription&quot;:false},&quot;lazy&quot;:true,&quot;template&quot;:{&quot;rowHeight&quot;:250,&quot;maxRowHeight&quot;:300,&quot;margins&quot;:20,&quot;align&quot;:&quot;center&quot;,&quot;lastRow&quot;:&quot;smart&quot;}}\" style=\"--fg-title-line-clamp: 0; --fg-description-line-clamp: 0;\" >\n\t<div class=\"fg-item fg-type-image fg-idle\"><figure class=\"fg-item-inner\"><a href=\"https:\/\/alceacerosyestructuras.es\/wp-content\/uploads\/2022\/03\/Amianto_3.png\" data-attachment-id=\"3474\" data-type=\"image\" class=\"fg-thumb\"><span class=\"fg-image-wrap\"><img fetchpriority=\"high\" decoding=\"async\" height=\"300\" width=\"450\" class=\"skip-lazy fg-image\" data-src-fg=\"https:\/\/alceacerosyestructuras.es\/wp-content\/uploads\/cache\/2022\/03\/Amianto_3\/3899115089.png\" src=\"data:image\/svg+xml,%3Csvg%20xmlns%3D%22http%3A%2F%2Fwww.w3.org%2F2000%2Fsvg%22%20width%3D%22450%22%20height%3D%22300%22%20viewBox%3D%220%200%20450%20300%22%3E%3C%2Fsvg%3E\" loading=\"eager\"><\/span><span class=\"fg-image-overlay\"><\/span><\/a><\/figure><div class=\"fg-loader\"><\/div><\/div><div class=\"fg-item fg-type-image fg-idle\"><figure class=\"fg-item-inner\"><a href=\"https:\/\/alceacerosyestructuras.es\/wp-content\/uploads\/2022\/03\/Amianto_1.png\" data-attachment-id=\"3472\" data-type=\"image\" class=\"fg-thumb\"><span class=\"fg-image-wrap\"><img decoding=\"async\" height=\"300\" width=\"450\" class=\"skip-lazy fg-image\" data-src-fg=\"https:\/\/alceacerosyestructuras.es\/wp-content\/uploads\/cache\/2022\/03\/Amianto_1\/3229331486.png\" src=\"data:image\/svg+xml,%3Csvg%20xmlns%3D%22http%3A%2F%2Fwww.w3.org%2F2000%2Fsvg%22%20width%3D%22450%22%20height%3D%22300%22%20viewBox%3D%220%200%20450%20300%22%3E%3C%2Fsvg%3E\" loading=\"eager\"><\/span><span class=\"fg-image-overlay\"><\/span><\/a><\/figure><div class=\"fg-loader\"><\/div><\/div><div class=\"fg-item fg-type-image fg-idle\"><figure class=\"fg-item-inner\"><a href=\"https:\/\/alceacerosyestructuras.es\/wp-content\/uploads\/2022\/03\/Amianto_2.png\" data-attachment-id=\"3473\" data-type=\"image\" class=\"fg-thumb\"><span class=\"fg-image-wrap\"><img decoding=\"async\" height=\"300\" width=\"450\" class=\"skip-lazy fg-image\" data-src-fg=\"https:\/\/alceacerosyestructuras.es\/wp-content\/uploads\/cache\/2022\/03\/Amianto_2\/3945782709.png\" src=\"data:image\/svg+xml,%3Csvg%20xmlns%3D%22http%3A%2F%2Fwww.w3.org%2F2000%2Fsvg%22%20width%3D%22450%22%20height%3D%22300%22%20viewBox%3D%220%200%20450%20300%22%3E%3C%2Fsvg%3E\" loading=\"eager\"><\/span><span class=\"fg-image-overlay\"><\/span><\/a><\/figure><div class=\"fg-loader\"><\/div><\/div><\/div>\n\n<div  class=\"lgc-column lgc-grid-parent lgc-grid-50 lgc-tablet-grid-50 lgc-mobile-grid-100 lgc-equal-heights \"><div  class=\"inside-grid-column\">\n<p><div class=\"eds-animate edsanimate-sis-hidden \" data-eds-entry-animation=\"fadeInLeft\" data-eds-entry-delay=\"0\" data-eds-entry-duration=\"1\" data-eds-entry-timing=\"ease-in\" data-eds-exit-animation=\"\" data-eds-exit-delay=\"\" data-eds-exit-duration=\"\" data-eds-exit-timing=\"\" data-eds-repeat-count=\"1\" data-eds-keep=\"yes\" data-eds-animate-on=\"load\" data-eds-scroll-offset=\"\"><img loading=\"lazy\" decoding=\"async\" class=\"alignnone wp-image-3238 size-full\" src=\"https:\/\/alceacerosyestructuras.es\/wp-content\/uploads\/2022\/03\/Amianto_4.png\" alt=\"\" width=\"800\" height=\"533\" \/><\/div><\/p>\n<p><\/p><\/div><\/div>\n<div  class=\"lgc-column lgc-grid-parent lgc-grid-50 lgc-tablet-grid-50 lgc-mobile-grid-100 lgc-equal-heights \"><div  class=\"inside-grid-column\"><div class=\"eds-animate edsanimate-sis-hidden \" data-eds-entry-animation=\"fadeInRight\" data-eds-entry-delay=\"0\" data-eds-entry-duration=\"1.5\" data-eds-entry-timing=\"cubic-bezier(0.47, 0, 0.745, 0.715)\" data-eds-exit-animation=\"\" data-eds-exit-delay=\"\" data-eds-exit-duration=\"\" data-eds-exit-timing=\"\" data-eds-repeat-count=\"1\" data-eds-keep=\"yes\" data-eds-animate-on=\"scroll\" data-eds-scroll-offset=\"75\">\n<h4>\u00a0<\/h4>\n<h4>Un particular no puede retirar el amianto<\/h4>\n<p>El amianto solo puede ser <strong>retirado por empresas certificadas<\/strong> para ello. Nuestra empresa est\u00e1 inscrita en el<strong> Registro de Empresas con Riesgo de Amianto<\/strong> para poder realizar el proceso.<\/p>\n<p>Recuerda que la manipulaci\u00f3n de amianto sin la formaci\u00f3n ni el uso de los EPIs adecuados puede ser un gran riesgo para la salud. Nos encargamos de <strong>retirarlo y transportarlo<\/strong> hasta el vertedero de residuos peligrosos m\u00e1s cercano.<\/p>\n<p><strong>Viviendas, comunidades, naves, locales o cualquier otra instalaci\u00f3n que necesite el servicio.<\/strong><\/p>\n<p><\/p><\/div>\n<p><\/p><\/div><\/div><div class=\"lgc-clear\"><\/div>\n<h3 style=\"padding-top: 30px;\">\u00a0<\/h3>\n<p style=\"text-align: center;\"><a class=\"button\" href=\"https:\/\/alceacerosyestructuras.es\/index.php\/contacto\/\">Presupuesto sin compromiso<\/a><\/p>\n<h1 style=\"text-align: center;\"><div class=\"eds-animate edsanimate-sis-hidden \" data-eds-entry-animation=\"fadeInDown\" data-eds-entry-delay=\"0\" data-eds-entry-duration=\"1.5\" data-eds-entry-timing=\"cubic-bezier(0.47, 0, 0.745, 0.715)\" data-eds-exit-animation=\"\" data-eds-exit-delay=\"\" data-eds-exit-duration=\"\" data-eds-exit-timing=\"\" data-eds-repeat-count=\"1\" data-eds-keep=\"yes\" data-eds-animate-on=\"scroll\" data-eds-scroll-offset=\"75\"><span style=\"color: #ffffff;\">\u00bfNECESITAS ALGO M\u00c1S<span style=\"color: #ffffff;\">?<\/span><\/span><\/div><\/h1>\n<div  class=\"lgc-column lgc-grid-parent lgc-grid-25 lgc-tablet-grid-25 lgc-mobile-grid-100 lgc-equal-heights \"><div  class=\"inside-grid-column\">\n<p><div class=\"eds-animate  \" data-eds-entry-animation=\"rotateIn\" data-eds-entry-delay=\"0\" data-eds-entry-duration=\"1\" data-eds-entry-timing=\"ease-out\" data-eds-exit-animation=\"\" data-eds-exit-delay=\"\" data-eds-exit-duration=\"\" data-eds-exit-timing=\"\" data-eds-repeat-count=\"1\" data-eds-keep=\"yes\" data-eds-animate-on=\"hover\" data-eds-scroll-offset=\"\"><a href=\"http:\/\/alceacerosyestructuras.es\/index.php\/servicios\/\"><img loading=\"lazy\" decoding=\"async\" class=\"aligncenter wp-image-1590 size-full\" src=\"http:\/\/alceacerosyestructuras.es\/wp-content\/uploads\/2020\/02\/Icon_Mantenimiento-1.png\" alt=\"\" width=\"200\" height=\"200\" srcset=\"https:\/\/alceacerosyestructuras.es\/wp-content\/uploads\/2020\/02\/Icon_Mantenimiento-1.png 200w, https:\/\/alceacerosyestructuras.es\/wp-content\/uploads\/2020\/02\/Icon_Mantenimiento-1-150x150.png 150w\" sizes=\"auto, (max-width: 200px) 100vw, 200px\" \/><\/a><\/div><\/p>\n<h3 style=\"text-align: center;\"><a href=\"http:\/\/alceacerosyestructuras.es\/index.php\/servicios\/\">Mantenimiento de Industrias Vin\u00edcolas<\/a><\/h3>\n<p>\u00a0<\/p><\/div><\/div> <div  class=\"lgc-column lgc-grid-parent lgc-grid-25 lgc-tablet-grid-25 lgc-mobile-grid-100 lgc-equal-heights \"><div  class=\"inside-grid-column\">\n<p><div class=\"eds-animate  \" data-eds-entry-animation=\"rotateIn\" data-eds-entry-delay=\"0\" data-eds-entry-duration=\"1\" data-eds-entry-timing=\"ease-out\" data-eds-exit-animation=\"\" data-eds-exit-delay=\"\" data-eds-exit-duration=\"\" data-eds-exit-timing=\"\" data-eds-repeat-count=\"1\" data-eds-keep=\"yes\" data-eds-animate-on=\"hover\" data-eds-scroll-offset=\"\"><a href=\"http:\/\/alceacerosyestructuras.es\/index.php\/servicios\/\"><img loading=\"lazy\" decoding=\"async\" class=\"aligncenter wp-image-1594 size-full\" src=\"http:\/\/alceacerosyestructuras.es\/wp-content\/uploads\/2020\/02\/Icon_Montaje.png\" alt=\"\" width=\"200\" height=\"200\" srcset=\"https:\/\/alceacerosyestructuras.es\/wp-content\/uploads\/2020\/02\/Icon_Montaje.png 200w, https:\/\/alceacerosyestructuras.es\/wp-content\/uploads\/2020\/02\/Icon_Montaje-150x150.png 150w\" sizes=\"auto, (max-width: 200px) 100vw, 200px\" \/><\/a><\/div><\/p>\n<\/div>\n<h3 style=\"text-align: center;\"><a href=\"http:\/\/alceacerosyestructuras.es\/index.php\/servicios\/\">Montaje de Panel Sandwich<\/a><\/h3>\n<p><\/p><\/div> <div  class=\"lgc-column lgc-grid-parent lgc-grid-25 lgc-tablet-grid-25 lgc-mobile-grid-100 lgc-equal-heights \"><div  class=\"inside-grid-column\">\n<p><div class=\"eds-animate  \" data-eds-entry-animation=\"rotateIn\" data-eds-entry-delay=\"0\" data-eds-entry-duration=\"1\" data-eds-entry-timing=\"ease-out\" data-eds-exit-animation=\"\" data-eds-exit-delay=\"\" data-eds-exit-duration=\"\" data-eds-exit-timing=\"\" data-eds-repeat-count=\"1\" data-eds-keep=\"yes\" data-eds-animate-on=\"hover\" data-eds-scroll-offset=\"\"><a href=\"http:\/\/alceacerosyestructuras.es\/index.php\/servicios\/\"><img loading=\"lazy\" decoding=\"async\" class=\"aligncenter wp-image-1595 size-full\" src=\"http:\/\/alceacerosyestructuras.es\/wp-content\/uploads\/2020\/02\/Icon_Panel.png\" alt=\"\" width=\"200\" height=\"200\" srcset=\"https:\/\/alceacerosyestructuras.es\/wp-content\/uploads\/2020\/02\/Icon_Panel.png 200w, https:\/\/alceacerosyestructuras.es\/wp-content\/uploads\/2020\/02\/Icon_Panel-150x150.png 150w\" sizes=\"auto, (max-width: 200px) 100vw, 200px\" \/><\/a><\/div><\/p>\n<h3 style=\"text-align: center;\"><a href=\"http:\/\/alceacerosyestructuras.es\/index.php\/servicios\/\">Construcci\u00f3n y Montaje de Estructuras Met\u00e1licas y Cubiertas<\/a><\/h3>\n<p><\/p><\/div><\/div> <div  class=\"lgc-column lgc-grid-parent lgc-grid-25 lgc-tablet-grid-25 lgc-mobile-grid-100 lgc-equal-heights \"><div  class=\"inside-grid-column\">\n<p><div class=\"eds-animate  \" data-eds-entry-animation=\"rotateIn\" data-eds-entry-delay=\"0\" data-eds-entry-duration=\"1\" data-eds-entry-timing=\"ease-out\" data-eds-exit-animation=\"\" data-eds-exit-delay=\"\" data-eds-exit-duration=\"\" data-eds-exit-timing=\"\" data-eds-repeat-count=\"1\" data-eds-keep=\"yes\" data-eds-animate-on=\"hover\" data-eds-scroll-offset=\"\"><a href=\"http:\/\/alceacerosyestructuras.es\/index.php\/servicios\/\"><img loading=\"lazy\" decoding=\"async\" class=\"aligncenter wp-image-1593 size-full\" src=\"http:\/\/alceacerosyestructuras.es\/wp-content\/uploads\/2020\/02\/Icon_Decorativos.png\" alt=\"\" width=\"200\" height=\"200\" srcset=\"https:\/\/alceacerosyestructuras.es\/wp-content\/uploads\/2020\/02\/Icon_Decorativos.png 200w, https:\/\/alceacerosyestructuras.es\/wp-content\/uploads\/2020\/02\/Icon_Decorativos-150x150.png 150w\" sizes=\"auto, (max-width: 200px) 100vw, 200px\" \/><\/a><\/div><\/p>\n<\/div>\n<h3 style=\"text-align: center;\"><a href=\"http:\/\/alceacerosyestructuras.es\/index.php\/servicios\/\">Trabajos Industriales y Decorativos de Acero Inoxidable<\/a><\/h3>\n<p><\/p><\/div><div class=\"lgc-clear\"><\/div>\n","protected":false},"excerpt":{"rendered":"<p>SERVICIO DE RETIRADA DE AMIANTO \u00a0 SOMOS ESPECIALISTAS EN EL PROCESO DE DESAMIANTADO \u00a0 Presupuesto sin compromiso \u00bfNECESITAS ALGO M\u00c1S?<\/p>\n","protected":false},"author":1,"featured_media":0,"parent":0,"menu_order":0,"comment_status":"closed","ping_status":"closed","template":"","meta":{"footnotes":""},"class_list":{"0":"post-3447","1":"page","2":"type-page","3":"status-publish","5":"infinite-scroll-item"},"_links":{"self":[{"href":"https:\/\/alceacerosyestructuras.es\/index.php\/wp-json\/wp\/v2\/pages\/3447","targetHints":{"allow":["GET"]}}],"collection":[{"href":"https:\/\/alceacerosyestructuras.es\/index.php\/wp-json\/wp\/v2\/pages"}],"about":[{"href":"https:\/\/alceacerosyestructuras.es\/index.php\/wp-json\/wp\/v2\/types\/page"}],"author":[{"embeddable":true,"href":"https:\/\/alceacerosyestructuras.es\/index.php\/wp-json\/wp\/v2\/users\/1"}],"replies":[{"embeddable":true,"href":"https:\/\/alceacerosyestructuras.es\/index.php\/wp-json\/wp\/v2\/comments?post=3447"}],"version-history":[{"count":62,"href":"https:\/\/alceacerosyestructuras.es\/index.php\/wp-json\/wp\/v2\/pages\/3447\/revisions"}],"predecessor-version":[{"id":3527,"href":"https:\/\/alceacerosyestructuras.es\/index.php\/wp-json\/wp\/v2\/pages\/3447\/revisions\/3527"}],"wp:attachment":[{"href":"https:\/\/alceacerosyestructuras.es\/index.php\/wp-json\/wp\/v2\/media?parent=3447"}],"curies":[{"name":"wp","href":"https:\/\/api.w.org\/{rel}","templated":true}]}}